{"id":8,"date":"2015-02-25T13:41:59","date_gmt":"2015-02-25T12:41:59","guid":{"rendered":"http:\/\/www.congressi.unisi.it\/workshopretail\/?page_id=8"},"modified":"2015-02-26T15:26:56","modified_gmt":"2015-02-26T14:26:56","slug":"home","status":"publish","type":"page","link":"https:\/\/www.congressi.unisi.it\/workshopretail\/","title":{"rendered":"Home"},"content":{"rendered":"<p style=\"text-align: left;\">L\u2019evoluzione delle tecnologie informatiche e i nuovi modelli relazionali stanno cambiando radicalmente i paradigmi di interazione con il cliente. Le sfide dei prossimi anni si giocheranno sulla capacit\u00e0 di capitalizzare le nuove opportunit\u00e0 sfruttando le esperienze dei fornitori, le competenze accademiche e le opportunit\u00e0 fornite dai finanziamenti comunitari. I partecipanti al workshop avranno l\u2019opportunit\u00e0 di approfondire questo nuovo contesto confrontando le esperienze di attori diversi: il mondo accademico insieme alle Aziende di fashion, i grandi player IT insieme alle startup che stanno esplorando nuove opportunit\u00e0 tecnologiche.<\/p>\n","protected":false},"excerpt":{"rendered":"<p>L\u2019evoluzione delle tecnologie informatiche e i nuovi modelli relazionali stanno cambiando radicalmente i paradigmi di interazione con il cliente. Le sfide dei prossimi anni si giocheranno sulla capacit\u00e0 di capitalizzare le nuove opportunit\u00e0 sfruttando le esperienze dei fornitori, le competenze accademiche e le opportunit\u00e0 fornite dai finanziamenti comunitari. I partecipanti al workshop avranno l\u2019opportunit\u00e0 di [&hellip;]<\/p>\n","protected":false},"author":2,"featured_media":0,"parent":0,"menu_order":0,"comment_status":"closed","ping_status":"open","template":"","meta":{"saved_in_kubio":false,"footnotes":""},"class_list":["post-8","page","type-page","status-publish","hentry"],"kubio_ai_page_context":{"short_desc":"","purpose":"general"},"_links":{"self":[{"href":"https:\/\/www.congressi.unisi.it\/workshopretail\/wp-json\/wp\/v2\/pages\/8","targetHints":{"allow":["GET"]}}],"collection":[{"href":"https:\/\/www.congressi.unisi.it\/workshopretail\/wp-json\/wp\/v2\/pages"}],"about":[{"href":"https:\/\/www.congressi.unisi.it\/workshopretail\/wp-json\/wp\/v2\/types\/page"}],"author":[{"embeddable":true,"href":"https:\/\/www.congressi.unisi.it\/workshopretail\/wp-json\/wp\/v2\/users\/2"}],"replies":[{"embeddable":true,"href":"https:\/\/www.congressi.unisi.it\/workshopretail\/wp-json\/wp\/v2\/comments?post=8"}],"version-history":[{"count":3,"href":"https:\/\/www.congressi.unisi.it\/workshopretail\/wp-json\/wp\/v2\/pages\/8\/revisions"}],"predecessor-version":[{"id":17,"href":"https:\/\/www.congressi.unisi.it\/workshopretail\/wp-json\/wp\/v2\/pages\/8\/revisions\/17"}],"wp:attachment":[{"href":"https:\/\/www.congressi.unisi.it\/workshopretail\/wp-json\/wp\/v2\/media?parent=8"}],"curies":[{"name":"wp","href":"https:\/\/api.w.org\/{rel}","templated":true}]}}