{"id":7,"date":"2021-04-27T15:44:59","date_gmt":"2021-04-27T13:44:59","guid":{"rendered":"http:\/\/www.congressi.unisi.it\/webinarcug\/?page_id=7"},"modified":"2021-04-29T10:42:57","modified_gmt":"2021-04-29T08:42:57","slug":"7-2","status":"publish","type":"page","link":"https:\/\/www.congressi.unisi.it\/webinarcug\/","title":{"rendered":""},"content":{"rendered":"\n<p><img loading=\"lazy\" decoding=\"async\" class=\"aligncenter size-full wp-image-4\" src=\"http:\/\/www.congressi.unisi.it\/webinarcug\/wp-content\/uploads\/sites\/114\/2021\/04\/a-change-in-lifestyle-1430599_1920.jpg\" alt=\"\" width=\"1920\" height=\"1281\" srcset=\"https:\/\/www.congressi.unisi.it\/webinarcug\/wp-content\/uploads\/sites\/114\/2021\/04\/a-change-in-lifestyle-1430599_1920.jpg 1920w, https:\/\/www.congressi.unisi.it\/webinarcug\/wp-content\/uploads\/sites\/114\/2021\/04\/a-change-in-lifestyle-1430599_1920-300x200.jpg 300w, https:\/\/www.congressi.unisi.it\/webinarcug\/wp-content\/uploads\/sites\/114\/2021\/04\/a-change-in-lifestyle-1430599_1920-1024x683.jpg 1024w, https:\/\/www.congressi.unisi.it\/webinarcug\/wp-content\/uploads\/sites\/114\/2021\/04\/a-change-in-lifestyle-1430599_1920-768x512.jpg 768w, https:\/\/www.congressi.unisi.it\/webinarcug\/wp-content\/uploads\/sites\/114\/2021\/04\/a-change-in-lifestyle-1430599_1920-1536x1025.jpg 1536w\" sizes=\"(max-width: 1920px) 100vw, 1920px\" \/><\/p>\n<p style=\"text-align: justify;\">Il CUG \u2013 Comitato Unico di Garanzia vi invita il<\/p>\n<h5 style=\"text-align: center;\">5 maggio 2021 dalle 14 alle 16<\/h5>\n<p style=\"text-align: justify;\">a partecipare al webinar<\/p>\n<h5 style=\"text-align: center;\"><strong>\u201cIl benessere lavorativo: i corretti stili di vita e di alimentazione\u201d<\/strong><\/h5>\n<p style=\"text-align: justify;\">realizzato in collaborazione con Vivo Sano, il progetto promosso dall\u2019Azienda ospedaliero-universitaria Senese, l\u2019Universit\u00e0 di Siena, l\u2019Associazione Italiana di Dietetica e Nutrizione Clinica (ADI) e la Toscana Food Association APS.<br \/>L\u2019evento rientra nella serie di iniziative previste dal PAP \u2013 Piano di Azioni Positive di Ateneo sul benessere lavorativo e mira a fornire le prime indicazioni di una corretta\u00a0\u00a0alimentazione e dei principi dell\u2019attivit\u00e0 motoria.<br \/>\u00a0<br \/>Intervengono:<br \/><strong>Barbara Paolini &#8211; <\/strong><em>Medico Dietologo dell\u2019UOSA di Dietetica e Nutrizione Clinica presso l\u2019Azienda ospedaliero-universitaria Senese e Professore all&#8217; Universit\u00e0 di Siena<\/em><strong><br \/>Marco Bonifazi<\/strong> &#8211; <em>Professore associato di Fisiologia, specialista in Medicina dello sport, Dipartimento di Scienze Mediche, Chirurgiche e Neuroscienze dell\u2019Universit\u00e0 di Siena<\/em><br \/>\u00a0<br \/>Il webinar non \u00e8 riconoscibile come formazione valida ai fini PEO ma potr\u00e0 essere seguito anche in orario di lavoro; le due ore del webinar non generano per\u00f2 orario straordinario.<\/p>\n<p>\u00a0<\/p>\n","protected":false},"excerpt":{"rendered":"","protected":false},"author":2,"featured_media":0,"parent":0,"menu_order":0,"comment_status":"closed","ping_status":"closed","template":"","meta":{"saved_in_kubio":false,"footnotes":""},"class_list":["post-7","page","type-page","status-publish","hentry"],"kubio_ai_page_context":{"short_desc":"","purpose":"general"},"_links":{"self":[{"href":"https:\/\/www.congressi.unisi.it\/webinarcug\/wp-json\/wp\/v2\/pages\/7","targetHints":{"allow":["GET"]}}],"collection":[{"href":"https:\/\/www.congressi.unisi.it\/webinarcug\/wp-json\/wp\/v2\/pages"}],"about":[{"href":"https:\/\/www.congressi.unisi.it\/webinarcug\/wp-json\/wp\/v2\/types\/page"}],"author":[{"embeddable":true,"href":"https:\/\/www.congressi.unisi.it\/webinarcug\/wp-json\/wp\/v2\/users\/2"}],"replies":[{"embeddable":true,"href":"https:\/\/www.congressi.unisi.it\/webinarcug\/wp-json\/wp\/v2\/comments?post=7"}],"version-history":[{"count":5,"href":"https:\/\/www.congressi.unisi.it\/webinarcug\/wp-json\/wp\/v2\/pages\/7\/revisions"}],"predecessor-version":[{"id":26,"href":"https:\/\/www.congressi.unisi.it\/webinarcug\/wp-json\/wp\/v2\/pages\/7\/revisions\/26"}],"wp:attachment":[{"href":"https:\/\/www.congressi.unisi.it\/webinarcug\/wp-json\/wp\/v2\/media?parent=7"}],"curies":[{"name":"wp","href":"https:\/\/api.w.org\/{rel}","templated":true}]}}