{"id":102,"date":"2018-05-17T14:10:12","date_gmt":"2018-05-17T12:10:12","guid":{"rendered":"http:\/\/www.congressi.unisi.it\/umi2018\/?page_id=102"},"modified":"2018-06-27T10:09:46","modified_gmt":"2018-06-27T08:09:46","slug":"escursione","status":"publish","type":"page","link":"https:\/\/www.congressi.unisi.it\/umi2018\/escursione\/","title":{"rendered":"Escursione"},"content":{"rendered":"<p><span style=\"font-size: 12pt;\"><strong>Visita alle aree dimostrative e di monitoraggio \u2013 SelPiBioLife<\/strong><\/span><\/p>\n<p><span style=\"font-size: 12pt;\"><strong>Vivo d\u2019Orcia, Monte Amiata, sabato 8 settembre 2018<\/strong><\/span><\/p>\n<p>&nbsp;<\/p>\n<p style=\"text-align: justify;\"><img loading=\"lazy\" decoding=\"async\" class=\"alignleft wp-image-103\" src=\"http:\/\/www.congressi.unisi.it\/umi2018\/wp-content\/uploads\/sites\/75\/2018\/05\/IMG_2709-Medium.jpg\" alt=\"\" width=\"317\" height=\"211\" srcset=\"https:\/\/www.congressi.unisi.it\/umi2018\/wp-content\/uploads\/sites\/75\/2018\/05\/IMG_2709-Medium.jpg 1152w, https:\/\/www.congressi.unisi.it\/umi2018\/wp-content\/uploads\/sites\/75\/2018\/05\/IMG_2709-Medium-300x200.jpg 300w, https:\/\/www.congressi.unisi.it\/umi2018\/wp-content\/uploads\/sites\/75\/2018\/05\/IMG_2709-Medium-768x512.jpg 768w, https:\/\/www.congressi.unisi.it\/umi2018\/wp-content\/uploads\/sites\/75\/2018\/05\/IMG_2709-Medium-1024x683.jpg 1024w\" sizes=\"(max-width: 317px) 100vw, 317px\" \/>La pineta interessata dal progetto SelPiBioLife e meta dell\u2019escursione del XXII Congresso nazionale di Micologia ricade nel comune di Castiglione d\u2019Orcia (SI), nei pressi della localit\u00e0 Laghi nelle vicinanze di Vivo d\u2019Orcia. La storia dei rimboschimenti amiatini \u00e8 strettamente collegata all\u2019attivit\u00e0 mineraria della zona. Una delle motivazioni pi\u00f9 importanti che hanno determinato l\u2019attivit\u00e0 di rimboschimento fu infatti il dirottare la disoccupazione di massa dovuta alla crisi del comparto minerario verso \u201cattivit\u00e0 socialmente utili\u201d quale appunto fu ritenuto l\u2019impiego nella realizzazione dei rimboschimenti. Dagli inizi degli anni \u201850 alla met\u00e0 degli anni \u201890 furono realizzati nelle zone limitrofe al Monte Amiata circa 3.700 ha di rimboschimenti di conifere. Precedentemente la seconda guerra mondiale (soprattutto fra il 1922 e il 1933) erano stati rimboschiti soprattutto con pino nero ed abete bianco circa 1.000 ha con fondi delle migliorie bo<img loading=\"lazy\" decoding=\"async\" class=\"alignright wp-image-104\" src=\"http:\/\/www.congressi.unisi.it\/umi2018\/wp-content\/uploads\/sites\/75\/2018\/05\/IMG_3146-Medium-e1526558923640.jpg\" alt=\"\" width=\"225\" height=\"338\" srcset=\"https:\/\/www.congressi.unisi.it\/umi2018\/wp-content\/uploads\/sites\/75\/2018\/05\/IMG_3146-Medium-e1526558923640.jpg 768w, https:\/\/www.congressi.unisi.it\/umi2018\/wp-content\/uploads\/sites\/75\/2018\/05\/IMG_3146-Medium-e1526558923640-200x300.jpg 200w, https:\/\/www.congressi.unisi.it\/umi2018\/wp-content\/uploads\/sites\/75\/2018\/05\/IMG_3146-Medium-e1526558923640-683x1024.jpg 683w\" sizes=\"(max-width: 225px) 100vw, 225px\" \/>schive oppure per iniziativa delle societ\u00e0 minerarie. L\u2019area oggetto dell\u2019escursione, ovvero la propriet\u00e0 di \u201cMadonna della Querce\u201d diventa negli anni 60 di propriet\u00e0 dell\u2019Azienda di Stato per le foreste demaniali. La propriet\u00e0 fu successivamente trasferita alla Regione Toscana e da questa ulteriormente ampliata fino agli attuali 2.177 ha. L\u2019area oggetto di studio \u00e8 posta ad una quota media di 780 metri s.l.m., esposizione prevalente Sud-Ovest e pendenza media del 15%. Buona parte del territorio \u00e8 costituito da una serie di formazioni geologiche argillose, fra le quali l\u2019Unit\u00e0 delle Argille a Palombini, litofacies calcareo marnosa, un complesso litologico formato da argille fissili, argille siltose, argille marnose con sporadiche intercalazioni di calcari, calcareniti di base. Per quanto riguarda il clima, facendo riferimento alla stazione meteo di Castiglione d\u2019Orcia (516 m s.l.m.), \u00e8 caldo e temperato. L\u2019inverno ha molta pi\u00f9 piovosit\u00e0 dell\u2019estate, con una temperatura media di 12,5 \u00b0C e una piovosit\u00e0 media annuale di 687 mm. Luglio \u00e8 il mese pi\u00f9 secco con 28 mm, mentre novembre \u00e8 quello con maggiori precipitazioni (media di 88 mm). Luglio \u00e8 il mese pi\u00f9 caldo dell\u2019anno con una temperatura media di 21,7\u00b0C. Durante l\u2019anno gennaio ha una temperatura media di 4,5\u00b0C la pi\u00f9 bassa di tutto l\u2019anno. La composizione specifica \u00e8 dominata da <em>Pinus nigra<\/em> (pi\u00f9 del 90% in numero). Nello strato arboreo si trovano altres\u00ec rari esemplari di <em>Quercus cerris<\/em>, <em>Quercus pubescens<\/em> e altre specie tipiche dei querceti decidui.<\/p>\n","protected":false},"excerpt":{"rendered":"<p>Visita alle aree dimostrative e di monitoraggio \u2013 SelPiBioLife Vivo d\u2019Orcia, Monte Amiata, sabato 8 settembre 2018 &nbsp; La pineta interessata dal progetto SelPiBioLife e meta dell\u2019escursione del XXII Congresso nazionale di Micologia ricade nel comune di Castiglione d\u2019Orcia (SI), nei pressi della localit\u00e0 Laghi nelle vicinanze di Vivo d\u2019Orcia. La storia dei rimboschimenti amiatini [&hellip;]<\/p>\n","protected":false},"author":2,"featured_media":0,"parent":0,"menu_order":0,"comment_status":"closed","ping_status":"closed","template":"","meta":{"saved_in_kubio":false,"footnotes":""},"class_list":["post-102","page","type-page","status-publish","hentry"],"kubio_ai_page_context":{"short_desc":"","purpose":"general"},"_links":{"self":[{"href":"https:\/\/www.congressi.unisi.it\/umi2018\/wp-json\/wp\/v2\/pages\/102","targetHints":{"allow":["GET"]}}],"collection":[{"href":"https:\/\/www.congressi.unisi.it\/umi2018\/wp-json\/wp\/v2\/pages"}],"about":[{"href":"https:\/\/www.congressi.unisi.it\/umi2018\/wp-json\/wp\/v2\/types\/page"}],"author":[{"embeddable":true,"href":"https:\/\/www.congressi.unisi.it\/umi2018\/wp-json\/wp\/v2\/users\/2"}],"replies":[{"embeddable":true,"href":"https:\/\/www.congressi.unisi.it\/umi2018\/wp-json\/wp\/v2\/comments?post=102"}],"version-history":[{"count":2,"href":"https:\/\/www.congressi.unisi.it\/umi2018\/wp-json\/wp\/v2\/pages\/102\/revisions"}],"predecessor-version":[{"id":114,"href":"https:\/\/www.congressi.unisi.it\/umi2018\/wp-json\/wp\/v2\/pages\/102\/revisions\/114"}],"wp:attachment":[{"href":"https:\/\/www.congressi.unisi.it\/umi2018\/wp-json\/wp\/v2\/media?parent=102"}],"curies":[{"name":"wp","href":"https:\/\/api.w.org\/{rel}","templated":true}]}}