{"id":12,"date":"2023-05-24T09:49:32","date_gmt":"2023-05-24T07:49:32","guid":{"rendered":"http:\/\/www.congressi.unisi.it\/sienacalculus\/?page_id=12"},"modified":"2023-11-16T10:05:07","modified_gmt":"2023-11-16T09:05:07","slug":"speaker","status":"publish","type":"page","link":"https:\/\/www.congressi.unisi.it\/sienacalculus\/speaker\/","title":{"rendered":"Speakers"},"content":{"rendered":"\n<p>Marco Cicalese (<em>TUM, Munich<\/em>)<br>Riccardo Cristoferi (<em>Radboud University<\/em>)<br>Sara Daneri (<em>GSSI, l&#8217;Aquila, tbc<\/em>)<br>Nicola Fusco (<em>Universit\u00e0 Federico Secondo, Napoli<\/em>)<br>Flaviana Iurlano (<em>Sorbonne Universit\u00e9, Paris 6<\/em>)<br>Ilaria Lucardesi (<em>Universit\u00e0 di Firenze<\/em>)<br>Andrea Marchese (<em>Universit\u00e0 di Trento<\/em>)<br>Annalisa Massaccesi (<em>Universit\u00e0 di Padova<\/em>)<br>Alessandra Pluda (<em>Universit\u00e0 di Pisa<\/em>)<br>Marcello Ponsiglione (<em>Universit\u00e0 Sapienza, Roma 1<\/em>)<br>Berardo Ruffini (<em>Universit\u00e0 di Bologna<\/em>)<br>Paolo Tilli <em>(Politecnico di Torino)<\/em><br>Konstantinos Zemas (<em>Muenster University<\/em>)<\/p>\n","protected":false},"excerpt":{"rendered":"<p>Marco Cicalese (TUM, Munich)Riccardo Cristoferi (Radboud University)Sara Daneri (GSSI, l&#8217;Aquila, tbc)Nicola Fusco (Universit\u00e0 Federico Secondo, Napoli)Flaviana Iurlano (Sorbonne Universit\u00e9, Paris 6)Ilaria Lucardesi (Universit\u00e0 di Firenze)Andrea Marchese (Universit\u00e0 di Trento)Annalisa Massaccesi (Universit\u00e0 di Padova)Alessandra Pluda (Universit\u00e0 di Pisa)Marcello Ponsiglione (Universit\u00e0 Sapienza, Roma 1)Berardo Ruffini (Universit\u00e0 di Bologna)Paolo Tilli (Politecnico di Torino)Konstantinos Zemas (Muenster University)<\/p>\n","protected":false},"author":2,"featured_media":0,"parent":0,"menu_order":0,"comment_status":"closed","ping_status":"closed","template":"","meta":{"saved_in_kubio":false,"footnotes":""},"class_list":["post-12","page","type-page","status-publish","hentry"],"kubio_ai_page_context":{"short_desc":"","purpose":"general"},"_links":{"self":[{"href":"https:\/\/www.congressi.unisi.it\/sienacalculus\/wp-json\/wp\/v2\/pages\/12","targetHints":{"allow":["GET"]}}],"collection":[{"href":"https:\/\/www.congressi.unisi.it\/sienacalculus\/wp-json\/wp\/v2\/pages"}],"about":[{"href":"https:\/\/www.congressi.unisi.it\/sienacalculus\/wp-json\/wp\/v2\/types\/page"}],"author":[{"embeddable":true,"href":"https:\/\/www.congressi.unisi.it\/sienacalculus\/wp-json\/wp\/v2\/users\/2"}],"replies":[{"embeddable":true,"href":"https:\/\/www.congressi.unisi.it\/sienacalculus\/wp-json\/wp\/v2\/comments?post=12"}],"version-history":[{"count":4,"href":"https:\/\/www.congressi.unisi.it\/sienacalculus\/wp-json\/wp\/v2\/pages\/12\/revisions"}],"predecessor-version":[{"id":30,"href":"https:\/\/www.congressi.unisi.it\/sienacalculus\/wp-json\/wp\/v2\/pages\/12\/revisions\/30"}],"wp:attachment":[{"href":"https:\/\/www.congressi.unisi.it\/sienacalculus\/wp-json\/wp\/v2\/media?parent=12"}],"curies":[{"name":"wp","href":"https:\/\/api.w.org\/{rel}","templated":true}]}}