{"id":17,"date":"2014-03-25T15:38:47","date_gmt":"2014-03-25T14:38:47","guid":{"rendered":"http:\/\/www.congressi.unisi.it\/seminarioitalotedesco\/?page_id=17"},"modified":"2014-03-25T15:38:47","modified_gmt":"2014-03-25T14:38:47","slug":"presentazione","status":"publish","type":"page","link":"https:\/\/www.congressi.unisi.it\/seminarioitalotedesco\/","title":{"rendered":"Presentazione"},"content":{"rendered":"<p>Questo primo incontro vede impegnati studiosi di diritto delle Universit\u00e0 di Siena e Heidelberg, in\u00a0\u00a0 attuazione e sviluppo dell\u2019accordo di cooperazione sottoscritto nel 2011 tra le rispettive Facolt\u00e0 giuridiche (e, ancor prima, con il dottorato senese in \u201cIus publicum Europaeum. Teoria e storia del diritto e delle istituzioni\u201d). Gi\u00e0 nel 2011 le due Universit\u00e0 avevano dato vita a un comune seminario su\u00a0 temi di carattere storico-giuridico, dedicato a \u201cDogmengeschichte und historische Individualit\u00e4t der r\u00f6mischen Juristen \u2013 Storia dei dogmi e individualit\u00e0 storica dei giuristi romani\u201d. Le giornate di studio del 4 e 5 aprile 2014 vedranno ulteriormente\u00a0 impegnati studiosi di diverse discipline giuridiche\u00a0\u00a0\u00a0 appartenenti ai due atenei, che si confronteranno su un argomento attuale di grande respiro e dalle molteplici implicazioni anche (ma non solo) sul terreno del diritto, quale la nozione di \u201cpersona\u201d<\/p>\n<p><em>Dieses erste Treffen f\u00fchrt Rechtswissenschaftler zusammen, die akademisch aus Siena und Heidelberg kommen. Es stellt\u00a0 sich\u00a0 damit\u00a0 in den Zusammenhang\u00a0 des Kooperationsvertrages von 2011 zwischen den\u00a0\u00a0\u00a0 beiden Fakult\u00e4ten und der mittlerweile langj\u00e4hrigen Zusammenarbeit auf Doktorandenebene. Bereits 2011 hatten Vertreter beider Universit\u00e4ten an einem gemeinsamen Seminar \u00fcber \u201cDogmengeschichte und historische\u00a0 Individualit\u00e4t der r\u00f6mischen Juristen \u2013 Storia dei dogmi e individualit\u00e0 storica dei giuristi romani\u201c teilgenommen. Die Gespr\u00e4che am 4. und 5. April 2014 setzen diese Tradition mit einem aktuellen interdisziplin\u00e4ren Thema von gro\u00dfer Tragweite und zahlreichen nicht nur juristischen Implikationen fort: dem Begriff der Person<\/em><\/p>\n<p>&nbsp;<\/p>\n","protected":false},"excerpt":{"rendered":"<p>Questo primo incontro vede impegnati studiosi di diritto delle Universit\u00e0 di Siena e Heidelberg, in\u00a0\u00a0 attuazione e sviluppo dell\u2019accordo di cooperazione sottoscritto nel 2011 tra le rispettive Facolt\u00e0 giuridiche (e, ancor prima, con il dottorato senese in \u201cIus publicum Europaeum. Teoria e storia del diritto e delle istituzioni\u201d). Gi\u00e0 nel 2011 le due Universit\u00e0 avevano [&hellip;]<\/p>\n","protected":false},"author":6,"featured_media":0,"parent":0,"menu_order":0,"comment_status":"closed","ping_status":"closed","template":"page-templates\/full-width.php","meta":{"saved_in_kubio":false,"footnotes":""},"class_list":["post-17","page","type-page","status-publish","hentry"],"kubio_ai_page_context":{"short_desc":"","purpose":"general"},"_links":{"self":[{"href":"https:\/\/www.congressi.unisi.it\/seminarioitalotedesco\/wp-json\/wp\/v2\/pages\/17","targetHints":{"allow":["GET"]}}],"collection":[{"href":"https:\/\/www.congressi.unisi.it\/seminarioitalotedesco\/wp-json\/wp\/v2\/pages"}],"about":[{"href":"https:\/\/www.congressi.unisi.it\/seminarioitalotedesco\/wp-json\/wp\/v2\/types\/page"}],"author":[{"embeddable":true,"href":"https:\/\/www.congressi.unisi.it\/seminarioitalotedesco\/wp-json\/wp\/v2\/users\/6"}],"replies":[{"embeddable":true,"href":"https:\/\/www.congressi.unisi.it\/seminarioitalotedesco\/wp-json\/wp\/v2\/comments?post=17"}],"version-history":[{"count":1,"href":"https:\/\/www.congressi.unisi.it\/seminarioitalotedesco\/wp-json\/wp\/v2\/pages\/17\/revisions"}],"predecessor-version":[{"id":18,"href":"https:\/\/www.congressi.unisi.it\/seminarioitalotedesco\/wp-json\/wp\/v2\/pages\/17\/revisions\/18"}],"wp:attachment":[{"href":"https:\/\/www.congressi.unisi.it\/seminarioitalotedesco\/wp-json\/wp\/v2\/media?parent=17"}],"curies":[{"name":"wp","href":"https:\/\/api.w.org\/{rel}","templated":true}]}}