{"id":70,"date":"2016-04-19T12:30:04","date_gmt":"2016-04-19T10:30:04","guid":{"rendered":"http:\/\/www.congressi.unisi.it\/seminario_jurisprudential\/?page_id=70"},"modified":"2016-04-26T10:01:35","modified_gmt":"2016-04-26T08:01:35","slug":"programa-conferencia","status":"publish","type":"page","link":"https:\/\/www.congressi.unisi.it\/seminario_judicial\/programa-conferencia\/","title":{"rendered":"Programa de la Conferencia"},"content":{"rendered":"<p><strong>Sabado 7 de mayo de 2016\u00a0<\/strong><br \/>\n<em>Aula Magna Giurisprudenza<\/em><br \/>\n<em> Universit\u00e0 degli studi di Siena<\/em><\/p>\n<p><strong><em>&#8220;El di<\/em><\/strong><b><i>\u00e1<\/i><\/b><strong><em>logo jurisprudencial en materia de derechos humanos&#8221;<\/em><\/strong><\/p>\n<p>&nbsp;<\/p>\n<p>8.30 &#8211;\u00a0 Saludos de las Autoridades<br \/>\n<strong>Angelo Riccaboni<\/strong> (<i>Rector de la Universit\u00e0 di Siena<\/i>)<br \/>\n<strong>Bruno Valentini<\/strong> (<i>Alcalde de Siena<\/i>)<br \/>\n<strong>Stefania Pacchi<\/strong> (Directora del Dipartimento di Giurisprudenza)<br \/>\n<strong>Manuel Gonz\u00e1lez Oropeza<\/strong> (Magistrado del Tribunal Electoral del Poder Judicial de la Federaci\u00f3n)<br \/>\n<strong>S.E.<\/strong> <strong>Peter Paczolay<\/strong> (Embajador de Hungr\u00eda en Italia)<br \/>\n<strong>S.E.<\/strong> <strong>Santiago O\u00f1ate Laborde <\/strong>(Observador Permanente de M\u00e9xico ante el Consejo de Europa)<\/p>\n<p><strong>Presiede: Giovanni Grottanelli de\u2019 Santi <\/strong>(Universit\u00e0 di Siena)<\/p>\n<p>9.00 &#8211; <strong>Roberto Romboli<\/strong> (Universit\u00e0 di Pisa)<br \/>\n<em>Introducci\u00f3n<\/em><\/p>\n<p>9.30 &#8211; <strong>Massimo Luciani<\/strong> (Universit\u00e0 di Roma \u201cLa Sapienza\u201d)<br \/>\n<em>Elecciones y Constituci\u00f3n<\/em><\/p>\n<p>10.00 &#8211; <strong>Laurence Burgorgue-Larsen<\/strong> (Universit\u00e9 Paris 1;<em> Presidente Tribunal Consitucional de Andorra)<\/em><br \/>\n<em>El di\u00e1logo entre el Tribunal europeo de derechos humanos y la Corte interamericana de derechos humanos<\/em><\/p>\n<p>10.30 &#8211; <strong>Manuel Gonz\u00e1lez Oropeza<\/strong> (Magistrado del Tribunal Electoral del Poder Judicial de la Federaci\u00f3n)<br \/>\n<em>El di\u00e1logo jurisprudencial y la protecci\u00f3n derechos pol\u00edticos<\/em><\/p>\n<p>11.00 &#8211; <strong>S.E<\/strong>. <strong>Santiago O\u00f1ate Laborde <\/strong>(Observador Permanente de M\u00e9xico ante el Consejo de Europa)<br \/>\n<em>La relaci\u00f3n entre el devido proceso nacional en instrumentos de derechos humanos nacionales e internacionales y los mecanismos internacionales de adjudicaci\u00f3n<\/em><i><br \/>\n<\/i><\/p>\n<p>Pausa caf\u00e9<\/p>\n<p><strong>Presiede: Giuseppe de Vergottini <\/strong>(Universit\u00e0 di Bologna)<\/p>\n<p>11.45 &#8211; <strong>Paulo Pinto de Albuquerque<\/strong> (Juez del Tribunal europeo de derechos humanos)<em><br \/>\nE luso de derecho internacional y comparado en las decisiones y los votos particulares en el Tribunal europeo de derechos humanos<\/em><\/p>\n<p>12.15 &#8211; <strong>Marta Cartabia<\/strong> (Vicepresidenta della Corte costituzionale italiana)<br \/>\n<em>Corte constitucional italiana y Tribunal europeo de derechos humanos<\/em><\/p>\n<p>12.45 &#8211; <strong>S.E<\/strong>. <strong>Peter Paczolay<\/strong> (Embajador de Hungr\u00eda en Italia)<br \/>\n<em>Los retos de las cortes constitucionales y el di\u00e1logo jurisprudencial<\/em><\/p>\n<p>13.15 &#8211;<strong> Giuseppe de Vergottini<\/strong> (Universit\u00e0 di Bologna)<br \/>\n<em>Reflexiones conclusivas<\/em><\/p>\n","protected":false},"excerpt":{"rendered":"<p>Sabado 7 de mayo de 2016\u00a0 Aula Magna Giurisprudenza Universit\u00e0 degli studi di Siena &#8220;El di\u00e1logo jurisprudencial en materia de derechos humanos&#8221; &nbsp; 8.30 &#8211;\u00a0 Saludos de las Autoridades Angelo Riccaboni (Rector de la Universit\u00e0 di Siena) Bruno Valentini (Alcalde de Siena) Stefania Pacchi (Directora del Dipartimento di Giurisprudenza) Manuel Gonz\u00e1lez Oropeza (Magistrado del Tribunal [&hellip;]<\/p>\n","protected":false},"author":5,"featured_media":0,"parent":0,"menu_order":0,"comment_status":"closed","ping_status":"closed","template":"","meta":{"saved_in_kubio":false,"footnotes":""},"class_list":["post-70","page","type-page","status-publish","hentry"],"kubio_ai_page_context":{"short_desc":"","purpose":"general"},"_links":{"self":[{"href":"https:\/\/www.congressi.unisi.it\/seminario_judicial\/wp-json\/wp\/v2\/pages\/70","targetHints":{"allow":["GET"]}}],"collection":[{"href":"https:\/\/www.congressi.unisi.it\/seminario_judicial\/wp-json\/wp\/v2\/pages"}],"about":[{"href":"https:\/\/www.congressi.unisi.it\/seminario_judicial\/wp-json\/wp\/v2\/types\/page"}],"author":[{"embeddable":true,"href":"https:\/\/www.congressi.unisi.it\/seminario_judicial\/wp-json\/wp\/v2\/users\/5"}],"replies":[{"embeddable":true,"href":"https:\/\/www.congressi.unisi.it\/seminario_judicial\/wp-json\/wp\/v2\/comments?post=70"}],"version-history":[{"count":14,"href":"https:\/\/www.congressi.unisi.it\/seminario_judicial\/wp-json\/wp\/v2\/pages\/70\/revisions"}],"predecessor-version":[{"id":98,"href":"https:\/\/www.congressi.unisi.it\/seminario_judicial\/wp-json\/wp\/v2\/pages\/70\/revisions\/98"}],"wp:attachment":[{"href":"https:\/\/www.congressi.unisi.it\/seminario_judicial\/wp-json\/wp\/v2\/media?parent=70"}],"curies":[{"name":"wp","href":"https:\/\/api.w.org\/{rel}","templated":true}]}}