{"id":14,"date":"2016-04-06T15:30:42","date_gmt":"2016-04-06T13:30:42","guid":{"rendered":"http:\/\/www.congressi.unisi.it\/dialogo\/?page_id=14"},"modified":"2016-04-26T08:52:46","modified_gmt":"2016-04-26T06:52:46","slug":"programma","status":"publish","type":"page","link":"https:\/\/www.congressi.unisi.it\/seminario_judicial\/programma\/","title":{"rendered":"Programa del Seminario"},"content":{"rendered":"<p><span style=\"text-decoration: underline;\"><strong>Lunes 2 de mayo<br \/>\n<\/strong><\/span><strong>Certosa de Pontignano<\/strong><\/p>\n<p>h. 8.30<em> &#8211; Inauguraci\u00f3n. Cortes constituionales y democracia<br \/>\n<\/em><strong>Giovanni Grottanelli de\u2019 Santi, <\/strong>Universit\u00e0 di Siena<strong><br \/>\n<\/strong><\/p>\n<p>h. 9.30<em> &#8211;\u00a0 Sistemas electorales y democracia<br \/>\n<\/em><strong>Carlo Fusaro, <\/strong>Universit\u00e0 di Firenze<strong><br \/>\n<\/strong><\/p>\n<p>h. 12.00<em> &#8211; An\u00e1lisis comparativo de los sistemas de justicia constitucional en Europa <\/em><i>\u00bf<\/i><em>Hay un modelo europeo de justicia constitucional?<br \/>\n<\/em><strong>Tania <\/strong><strong>Groppi, <\/strong>Universit\u00e0 di Siena<strong><br \/>\n<\/strong><\/p>\n<p>&nbsp;<\/p>\n<p><span style=\"text-decoration: underline;\"><strong>Martes 3 de mayo<br \/>\n<\/strong><\/span><strong>Roma<\/strong><\/p>\n<p>h. 10.30<em> &#8211; Workshop a la Corte Constitucional<\/em><\/p>\n<p><em>Reuni\u00f3n con: <\/em><\/p>\n<p><strong>Marta Cartabia<\/strong> (Vicepresidenta de la Corte Constitucional)<\/p>\n<p>h. 16.30<em> &#8211; Visita a la C\u00e1mara de Diputados<\/em><\/p>\n<p><em>Reuni\u00f3n con:<\/em><\/p>\n<p><strong>Giuseppe D\u2019Ambrosio<\/strong> (Presidente de la Giunta per le elezioni)<\/p>\n<p>h.18.30 &#8211;<em> C<\/em><i>\u00f3<\/i><em>ctel a la Embajada de M\u00e9xico ante la Santa Sede<\/em><\/p>\n<p>&nbsp;<\/p>\n<p><span style=\"text-decoration: underline;\"><strong>Miercoles 4 de mayo<br \/>\n<\/strong><\/span><strong>Certosa de Pontignano<\/strong><\/p>\n<p>h. 8.30 &#8211;<strong>\u00a0<\/strong><em> Introducci\u00f3n a las t\u00e9cnicas de decisi\u00f3n del TEDH<br \/>\n<\/em><strong>Amaya Ubeda de Torres, <\/strong>Consejo de Europa<\/p>\n<p>h. 11.30<em> &#8211; El sistema judicial europeo: principios constitucionales<br \/>\n<\/em><strong>Valeria Piergigli, <\/strong>Universit\u00e0 di Siena<strong><br \/>\n<\/strong><\/p>\n<p>&nbsp;<\/p>\n<p><span style=\"text-decoration: underline;\"><strong>Jueves 5 de mayo<br \/>\n<\/strong><\/span><strong>Certosa de Pontignano<\/strong><\/p>\n<p>h. 8.30<em> &#8211; Modelos de justicia electoral<br \/>\n<\/em><strong>Lucio Pegoraro, <\/strong>Universit\u00e0 di Bologna<strong><br \/>\n<\/strong><\/p>\n<p>h. 11.30<em> &#8211; El sistema de justicia electoral en Italia: t\u00e9cnicas de decisi\u00f3n<br \/>\n<\/em><strong>Lara Trucco, <\/strong>Universit\u00e0 di Genova<strong><br \/>\n<\/strong><\/p>\n<p>&nbsp;<\/p>\n<p><span style=\"text-decoration: underline;\"><strong>Viernes 6 de mayo<br \/>\n<\/strong><\/span><strong>Certosa de Pontignano<\/strong><\/p>\n<p>h 8.30<em> &#8211; Constituciones y leyes electorales en Europa<br \/>\n<\/em><strong>Marco<\/strong> <strong>Olivetti, <\/strong>Universit\u00e0 di LUMSA di Roma<strong><br \/>\n<\/strong><\/p>\n<p>h. 11.00<em> La justicia electoral en Europa: los derechos de las minor<\/em><i>\u00ed<\/i><em>as<br \/>\n<\/em><strong>Fernando<\/strong> <strong>Rey Martinez,<\/strong> Universidad de Valladolid<strong><br \/>\n<\/strong><\/p>\n<p>h. 13.00<em> Conclusiones del curso<br \/>\n<\/em><strong>Santiago O\u00f1ate Laborde<br \/>\n<\/strong><i>Observador Permanente de M\u00e9xico ante el Consejo de Europa<\/i><\/p>\n<p><strong>\u00a0<\/strong><\/p>\n<p><span style=\"text-decoration: underline;\"><strong>Sabado 7 de mayo<br \/>\n<\/strong><\/span><strong>Siena<\/strong><\/p>\n<p>Conferencia:<br \/>\n<em>El di<\/em><i>\u00e1<\/i><em>logo jurisprudencial en materia de derechos humanos <\/em><\/p>\n","protected":false},"excerpt":{"rendered":"<p>Lunes 2 de mayo Certosa de Pontignano h. 8.30 &#8211; Inauguraci\u00f3n. Cortes constituionales y democracia Giovanni Grottanelli de\u2019 Santi, Universit\u00e0 di Siena h. 9.30 &#8211;\u00a0 Sistemas electorales y democracia Carlo Fusaro, Universit\u00e0 di Firenze h. 12.00 &#8211; An\u00e1lisis comparativo de los sistemas de justicia constitucional en Europa \u00bfHay un modelo europeo de justicia constitucional? Tania [&hellip;]<\/p>\n","protected":false},"author":5,"featured_media":0,"parent":0,"menu_order":0,"comment_status":"closed","ping_status":"closed","template":"","meta":{"saved_in_kubio":false,"footnotes":""},"class_list":["post-14","page","type-page","status-publish","hentry"],"kubio_ai_page_context":{"short_desc":"","purpose":"general"},"_links":{"self":[{"href":"https:\/\/www.congressi.unisi.it\/seminario_judicial\/wp-json\/wp\/v2\/pages\/14","targetHints":{"allow":["GET"]}}],"collection":[{"href":"https:\/\/www.congressi.unisi.it\/seminario_judicial\/wp-json\/wp\/v2\/pages"}],"about":[{"href":"https:\/\/www.congressi.unisi.it\/seminario_judicial\/wp-json\/wp\/v2\/types\/page"}],"author":[{"embeddable":true,"href":"https:\/\/www.congressi.unisi.it\/seminario_judicial\/wp-json\/wp\/v2\/users\/5"}],"replies":[{"embeddable":true,"href":"https:\/\/www.congressi.unisi.it\/seminario_judicial\/wp-json\/wp\/v2\/comments?post=14"}],"version-history":[{"count":15,"href":"https:\/\/www.congressi.unisi.it\/seminario_judicial\/wp-json\/wp\/v2\/pages\/14\/revisions"}],"predecessor-version":[{"id":97,"href":"https:\/\/www.congressi.unisi.it\/seminario_judicial\/wp-json\/wp\/v2\/pages\/14\/revisions\/97"}],"wp:attachment":[{"href":"https:\/\/www.congressi.unisi.it\/seminario_judicial\/wp-json\/wp\/v2\/media?parent=14"}],"curies":[{"name":"wp","href":"https:\/\/api.w.org\/{rel}","templated":true}]}}