{"id":12,"date":"2014-06-04T10:28:42","date_gmt":"2014-06-04T08:28:42","guid":{"rendered":"http:\/\/www.congressi.unisi.it\/robustness\/?page_id=12"},"modified":"2014-07-08T15:07:05","modified_gmt":"2014-07-08T13:07:05","slug":"invited-speakers","status":"publish","type":"page","link":"https:\/\/www.congressi.unisi.it\/robustness\/invited-speakers\/","title":{"rendered":"invited speakers"},"content":{"rendered":"<p><span style=\"color: #000080;\"><strong>Bassam Bamieh<\/strong><\/span>, <em>University<\/em><em> of California, Santa Barbara<\/em><\/p>\n<p><span style=\"color: #000080;\"><strong>Shankar Bhattacharyya<\/strong><\/span>, Texas <em>A&amp;M<\/em><em> University<\/em><\/p>\n<p><span style=\"color: #000080;\"><strong>Gianni Bianchini<\/strong><\/span>, <em>Universit\u00e0 di Siena<\/em><\/p>\n<p><span style=\"color: #000080;\"><strong>Marco Casini<\/strong><\/span>, <em>Universit\u00e0 di Siena<\/em><\/p>\n<p><span style=\"color: #000080;\"><strong>Jie Chen<\/strong><\/span>, <em>City<\/em><em> University of Hong Kong<\/em><\/p>\n<p><span style=\"color: #000080;\"><strong>Graziano Chesi<\/strong><\/span>, <em>University of Hong Kong<\/em><\/p>\n<p><span style=\"color: #000080;\"><strong>Munther A.Dahleh<\/strong><\/span>, <em>MIT,<span style=\"color: #000000;\"> Boston<\/span><\/em><\/p>\n<p><span style=\"color: #000080;\"><strong>Andrea Garulli, <\/strong><span style=\"color: #000000;\"><em>Universit\u00e0 di Siena<\/em><\/span><\/span><\/p>\n<p><span style=\"color: #000080;\"><strong>Antonello Giannitrapani<\/strong><\/span>, <em>Universit\u00e0 di Siena<\/em><\/p>\n<p><span style=\"color: #000080;\"><strong>Anders Hansson<\/strong><\/span>, <em>Link\u00f6ping<\/em><em> University<\/em><\/p>\n<p><span style=\"color: #000080;\"><strong>H\u00e5kan Hjalmarsson<\/strong><\/span>, <em>KTH Royal Institute of Technology<\/em><\/p>\n<p><span style=\"color: #000080;\"><strong>Mustafa Khammash<\/strong><\/span>, <em>ETH, Zurich<\/em><\/p>\n<p><span style=\"color: #000080;\"><strong>Lennart Ljung<\/strong><\/span>, <em>Link\u00f6ping<\/em><em> University<\/em><\/p>\n<p><span style=\"color: #000080;\"><strong>Chiara Mocenni<\/strong><\/span>, <em>Universit\u00e0 di Siena<\/em><\/p>\n<p><span style=\"color: #000080;\"><strong>Mario\u00a0 Milanese<\/strong><\/span>, <em>Politecnico di Torino, Modelway srl<\/em><\/p>\n<p><span style=\"color: #000080;\"><strong>Simone Paoletti<\/strong><\/span>, <em>Universit\u00e0 di Siena<\/em><\/p>\n<p><span style=\"color: #000080;\"><strong>Kameshwar Poolla<\/strong><\/span>, <em>University<\/em><em> of California, Berkeley<\/em><\/p>\n<p><span style=\"color: #000080;\"><strong>Domenico Prattichizzo<\/strong><\/span>, <em>Universit\u00e0 di Siena<\/em><\/p>\n<p><span style=\"color: #000080;\"><strong>Li Qiu<\/strong><\/span>, <em>Hong Kong<\/em><em> University<\/em><em> of Science and Technology<\/em><\/p>\n<p><span style=\"color: #000080;\"><strong>Anders Rantzer<\/strong><\/span>, <em>Lund<\/em><em> University<\/em><\/p>\n<p><span style=\"color: #000080;\"><strong>Murti Salapaka<\/strong><\/span>, <em>University<\/em><em> of Minnesota<\/em><\/p>\n<p><strong><span style=\"color: #000080;\">Jeff Shamma<\/span><\/strong>, <em>Georgia Institute of Technology<\/em><\/p>\n<p><span style=\"color: #000080;\"><strong>Alberto Tesi<\/strong><\/span>, <em>Universit\u00e0 di Firenze<\/em><\/p>\n<p><span style=\"color: #000080;\"><strong>Sandor\u00a0 Veres<\/strong><\/span>, <em>University<\/em><em> of Sheffield<\/em><\/p>\n<p><span style=\"color: #000080;\"><strong>Antonio Vicino<\/strong><\/span>, <em>Universit\u00e0 di Siena<\/em><\/p>\n<p><span style=\"color: #000080;\"><strong>Le Yi Wang<\/strong><\/span>, <em>Wayne<\/em><em> State University<\/em><\/p>\n<p><strong><span style=\"color: #000080;\">Ji-Feng Zhang<\/span><\/strong>, <em>Chinese<\/em><em> Academy<\/em><em> of Sciences<\/em><\/p>\n<p><span style=\"color: #000080;\"><strong>Jorge P. Zubelli<\/strong><\/span>, <em>IMPA<\/em><\/p>\n","protected":false},"excerpt":{"rendered":"<p>Bassam Bamieh, University of California, Santa Barbara Shankar Bhattacharyya, Texas A&amp;M University Gianni Bianchini, Universit\u00e0 di Siena Marco Casini, Universit\u00e0 di Siena Jie Chen, City University of Hong Kong Graziano Chesi, University of Hong Kong Munther A.Dahleh, MIT, Boston Andrea Garulli, Universit\u00e0 di Siena Antonello Giannitrapani, Universit\u00e0 di Siena Anders Hansson, Link\u00f6ping University H\u00e5kan Hjalmarsson, [&hellip;]<\/p>\n","protected":false},"author":5,"featured_media":0,"parent":0,"menu_order":0,"comment_status":"open","ping_status":"open","template":"","meta":{"saved_in_kubio":false,"footnotes":""},"class_list":["post-12","page","type-page","status-publish","hentry"],"kubio_ai_page_context":{"short_desc":"","purpose":"general"},"_links":{"self":[{"href":"https:\/\/www.congressi.unisi.it\/robustness\/wp-json\/wp\/v2\/pages\/12","targetHints":{"allow":["GET"]}}],"collection":[{"href":"https:\/\/www.congressi.unisi.it\/robustness\/wp-json\/wp\/v2\/pages"}],"about":[{"href":"https:\/\/www.congressi.unisi.it\/robustness\/wp-json\/wp\/v2\/types\/page"}],"author":[{"embeddable":true,"href":"https:\/\/www.congressi.unisi.it\/robustness\/wp-json\/wp\/v2\/users\/5"}],"replies":[{"embeddable":true,"href":"https:\/\/www.congressi.unisi.it\/robustness\/wp-json\/wp\/v2\/comments?post=12"}],"version-history":[{"count":8,"href":"https:\/\/www.congressi.unisi.it\/robustness\/wp-json\/wp\/v2\/pages\/12\/revisions"}],"predecessor-version":[{"id":197,"href":"https:\/\/www.congressi.unisi.it\/robustness\/wp-json\/wp\/v2\/pages\/12\/revisions\/197"}],"wp:attachment":[{"href":"https:\/\/www.congressi.unisi.it\/robustness\/wp-json\/wp\/v2\/media?parent=12"}],"curies":[{"name":"wp","href":"https:\/\/api.w.org\/{rel}","templated":true}]}}