{"id":101,"date":"2025-10-29T07:18:48","date_gmt":"2025-10-29T07:18:48","guid":{"rendered":"https:\/\/www.congressi.unisi.it\/retinalproteins2026\/?page_id=101"},"modified":"2026-05-12T06:53:34","modified_gmt":"2026-05-12T06:53:34","slug":"speakers","status":"publish","type":"page","link":"https:\/\/www.congressi.unisi.it\/retinalproteins2026\/speakers\/","title":{"rendered":"Speakers"},"content":{"rendered":"\n<p>Lecturers that have already agreed to contribute \u2026 more to come \u2026<\/p>\n\n\n\n<p><strong>Keynote speakers<\/strong><\/p>\n\n\n\n<ol class=\"wp-block-list\">\n<li>Elena G. Govorunova<\/li>\n\n\n\n<li>Peter Hegemann<\/li>\n\n\n\n<li>Hideki Kandori&nbsp;<\/li>\n\n\n\n<li>Oded Beja<\/li>\n\n\n\n<li>Belinda Chang<\/li>\n\n\n\n<li>Krzysztof Palczewski<\/li>\n\n\n\n<li>Joachim Heberle<\/li>\n\n\n\n<li>Benedetta Mennucci<br><\/li>\n<\/ol>\n\n\n\n<p><strong>Invited Speakers<\/strong><\/p>\n\n\n\n<ol class=\"wp-block-list\">\n<li>Anastasia V. Bochenkova<\/li>\n\n\n\n<li>Mikhail N. Ryazantsev<\/li>\n\n\n\n<li>Daan Brinks<\/li>\n\n\n\n<li>Francesca Fanelli<\/li>\n\n\n\n<li>Nicolas Ferr\u00e8<\/li>\n\n\n\n<li>Marco Garavelli<\/li>\n\n\n\n<li>Laura Milena Pedraza Gonzalez<\/li>\n\n\n\n<li>Ivan Gushchin<\/li>\n\n\n\n<li>Wei Huang<\/li>\n\n\n\n<li>Igor Schapiro<\/li>\n\n\n\n<li>Yuki Sudo<\/li>\n\n\n\n<li>Virginia Helena Albarrac\u00edn<\/li>\n\n\n\n<li>Mario Eduardo Guido<\/li>\n\n\n\n<li>Thomas Mock (tentative)<\/li>\n\n\n\n<li>Todd Oakley<\/li>\n\n\n\n<li>Adrian Marchetti (tentative)<\/li>\n\n\n\n<li>Karsten Heyne<\/li>\n\n\n\n<li>John Kennis<\/li>\n\n\n\n<li>Moran Shalev-Benami<\/li>\n\n\n\n<li>Val\u00e9rie Panneels<\/li>\n\n\n\n<li>Han Sun<\/li>\n\n\n\n<li>Mar\u00eda del Carmen Mar\u00edn P\u00e9rez<\/li>\n\n\n\n<li>Kota Katayama<\/li>\n\n\n\n<li>Katrina Forest<\/li>\n\n\n\n<li>Andrey Rozenberg<\/li>\n\n\n\n<li>Hikaru Kuramochi<\/li>\n\n\n\n<li>Masae Konno<\/li>\n\n\n\n<li>Bet\u00fcl Ka\u00e7ar<\/li>\n\n\n\n<li>Keiichi Inoue<\/li>\n\n\n\n<li>Luis Manuel Frutos<\/li>\n\n\n\n<li>Klaus Gerwert<\/li>\n\n\n\n<li>Kirill Kovalev<\/li>\n\n\n\n<li>Anne P. Rasmussen<\/li>\n\n\n\n<li>Robin Stipp<\/li>\n\n\n\n<li>Sarah Luise Schmidt<\/li>\n\n\n\n<li>Chii-Shen Yang<\/li>\n\n\n\n<li>Takahiro Yamashita<\/li>\n\n\n\n<li>Yuji Furutani<\/li>\n\n\n\n<li>Takefumi Morizumi<\/li>\n\n\n\n<li>Alice Walker<br><\/li>\n<\/ol>\n\n\n\n<p><\/p>\n\n\n\n<p><strong>Session Chairs and Discussion Leaders (partial)<\/strong><\/p>\n\n\n\n<ol class=\"wp-block-list\">\n<li>Stefan Haacke<\/li>\n\n\n\n<li>Anthony Watts<\/li>\n\n\n\n<li>Silvia Braslavsky<\/li>\n\n\n\n<li>Ajith Karunarathne<\/li>\n\n\n\n<li>Ana-Nicoleta Bondar<\/li>\n\n\n\n<li>J\u00f6rg Standfuss<\/li>\n\n\n\n<li>Akihisa Terakita<\/li>\n\n\n\n<li>Oliver Ernst<\/li>\n\n\n\n<li>Michel Sliwa<\/li>\n<\/ol>\n","protected":false},"excerpt":{"rendered":"<p>Lecturers that have already agreed to contribute \u2026 more to come \u2026 Keynote speakers Invited Speakers Session Chairs and Discussion Leaders (partial)<\/p>\n","protected":false},"author":5,"featured_media":0,"parent":0,"menu_order":0,"comment_status":"closed","ping_status":"closed","template":"","meta":{"saved_in_kubio":false,"footnotes":""},"class_list":["post-101","page","type-page","status-publish","hentry"],"kubio_ai_page_context":{"short_desc":"","purpose":"general"},"_links":{"self":[{"href":"https:\/\/www.congressi.unisi.it\/retinalproteins2026\/wp-json\/wp\/v2\/pages\/101","targetHints":{"allow":["GET"]}}],"collection":[{"href":"https:\/\/www.congressi.unisi.it\/retinalproteins2026\/wp-json\/wp\/v2\/pages"}],"about":[{"href":"https:\/\/www.congressi.unisi.it\/retinalproteins2026\/wp-json\/wp\/v2\/types\/page"}],"author":[{"embeddable":true,"href":"https:\/\/www.congressi.unisi.it\/retinalproteins2026\/wp-json\/wp\/v2\/users\/5"}],"replies":[{"embeddable":true,"href":"https:\/\/www.congressi.unisi.it\/retinalproteins2026\/wp-json\/wp\/v2\/comments?post=101"}],"version-history":[{"count":28,"href":"https:\/\/www.congressi.unisi.it\/retinalproteins2026\/wp-json\/wp\/v2\/pages\/101\/revisions"}],"predecessor-version":[{"id":234,"href":"https:\/\/www.congressi.unisi.it\/retinalproteins2026\/wp-json\/wp\/v2\/pages\/101\/revisions\/234"}],"wp:attachment":[{"href":"https:\/\/www.congressi.unisi.it\/retinalproteins2026\/wp-json\/wp\/v2\/media?parent=101"}],"curies":[{"name":"wp","href":"https:\/\/api.w.org\/{rel}","templated":true}]}}