{"id":2,"date":"2020-04-28T12:00:09","date_gmt":"2020-04-28T10:00:09","guid":{"rendered":"http:\/\/www.congressi.unisi.it\/qudernidiricerca\/?page_id=2"},"modified":"2020-04-28T16:30:31","modified_gmt":"2020-04-28T14:30:31","slug":"pagina-di-esempio","status":"publish","type":"page","link":"https:\/\/www.congressi.unisi.it\/quadernidiricerca\/","title":{"rendered":""},"content":{"rendered":"\n<p>L&#8217;evento intende sviscerare alcuni aspetti &#8220;caldi&#8221; della modalit\u00e0 di lavoro Smartworking, oggi come non mai tema centrale nel dibattito giuridico. A tal fine, ELSA Siena si avvarr\u00e0 della collaborazione di tre relatori, che interverranno in tre incontri preliminari (nelle date del 5-6-8 maggio), della durata di un&#8217;ora ciascuno, durante i quali approfondiranno aspetti peculiari della tematica, che potete reperire in locandina.<\/p>\n\n\n\n<p>Sulla base degli incontri formativi, i partecipanti saranno chiamati a stilare un elaborato, il cui titolo verr\u00e0 assegnato dai relatori stessi, nonch\u00e9 membri del Comitato Scientifico.<\/p>\n\n\n\n<p>Gli elaborati verranno inviati entro il 13 maggio al Comitato Scientifico, che provveder\u00e0 alla valutazione secondo una griglia valutativa prestabilita. Seguir\u00e0 un incontro telematico (18 maggio), durante il quale il Comitato potr\u00e0 spiegare ai partecipanti le motivazioni della valutazione ed eventualmente suggerire modifiche, che i partecipanti apporteranno al loro lavoro, consegnandolo in via definitiva entro il 21 maggio. Il Comitato Scientifico dovr\u00e0 rivalutare gli elaborati e selezionare quelli meritevoli di pubblicazione entro il 26 maggio. Il Consiglio Direttivo di ELSA Siena raccoglier\u00e0 i suddetti contributi in un PDF, che rappresenter\u00e0 il Quaderno di Ricerca, il quale verr\u00e0 pubblicato su riviste giuridiche e spazi messi a disposizione dall&#8217;Universit\u00e0.<\/p>\n\n\n\n<div class=\"wp-block-buttons is-layout-flex wp-block-buttons-is-layout-flex\">\n<div class=\"wp-block-button\"><a class=\"wp-block-button__link has-text-color has-bright-red-color\" href=\"https:\/\/docs.google.com\/forms\/d\/e\/1FAIpQLSeMe9i3lSKuRYf4bMK2yKiEC8fIyXJ_sumwYS_Kib5lJBLPBw\/viewform\" target=\"_blank\" rel=\"noreferrer noopener\">ISCRIVITI<\/a><\/div>\n\n\n\n<div class=\"wp-block-button\"><a class=\"wp-block-button__link has-text-color has-dark-gray-color has-background has-light-blue-background-color\" href=\"http:\/\/www.congressi.unisi.it\/quadernidiricerca\/consegna-elaborati\/\" target=\"_blank\" rel=\"noreferrer noopener\">INVIA IL TUO elaborato<\/a><\/div>\n<\/div>\n","protected":false},"excerpt":{"rendered":"<p>L&#8217;evento intende sviscerare alcuni aspetti &#8220;caldi&#8221; della modalit\u00e0 di lavoro Smartworking, oggi come non mai tema centrale nel dibattito giuridico. A tal fine, ELSA Siena si avvarr\u00e0 della collaborazione di tre relatori, che interverranno in tre incontri preliminari (nelle date del 5-6-8 maggio), della durata di un&#8217;ora ciascuno, durante i quali approfondiranno aspetti peculiari della &hellip; <a href=\"https:\/\/www.congressi.unisi.it\/quadernidiricerca\/\" class=\"more-link\">Leggi tutto<span class=\"screen-reader-text\"> &#8220;&#8221;<\/span><\/a><\/p>\n","protected":false},"author":2,"featured_media":0,"parent":0,"menu_order":0,"comment_status":"closed","ping_status":"open","template":"","meta":{"saved_in_kubio":false,"footnotes":""},"class_list":["post-2","page","type-page","status-publish","hentry"],"kubio_ai_page_context":{"short_desc":"","purpose":"general"},"_links":{"self":[{"href":"https:\/\/www.congressi.unisi.it\/quadernidiricerca\/wp-json\/wp\/v2\/pages\/2","targetHints":{"allow":["GET"]}}],"collection":[{"href":"https:\/\/www.congressi.unisi.it\/quadernidiricerca\/wp-json\/wp\/v2\/pages"}],"about":[{"href":"https:\/\/www.congressi.unisi.it\/quadernidiricerca\/wp-json\/wp\/v2\/types\/page"}],"author":[{"embeddable":true,"href":"https:\/\/www.congressi.unisi.it\/quadernidiricerca\/wp-json\/wp\/v2\/users\/2"}],"replies":[{"embeddable":true,"href":"https:\/\/www.congressi.unisi.it\/quadernidiricerca\/wp-json\/wp\/v2\/comments?post=2"}],"version-history":[{"count":5,"href":"https:\/\/www.congressi.unisi.it\/quadernidiricerca\/wp-json\/wp\/v2\/pages\/2\/revisions"}],"predecessor-version":[{"id":23,"href":"https:\/\/www.congressi.unisi.it\/quadernidiricerca\/wp-json\/wp\/v2\/pages\/2\/revisions\/23"}],"wp:attachment":[{"href":"https:\/\/www.congressi.unisi.it\/quadernidiricerca\/wp-json\/wp\/v2\/media?parent=2"}],"curies":[{"name":"wp","href":"https:\/\/api.w.org\/{rel}","templated":true}]}}