{"id":12,"date":"2018-10-17T11:48:08","date_gmt":"2018-10-17T09:48:08","guid":{"rendered":"http:\/\/www.congressi.unisi.it\/openlegislation\/?page_id=12"},"modified":"2018-10-17T11:48:08","modified_gmt":"2018-10-17T09:48:08","slug":"12-2","status":"publish","type":"page","link":"https:\/\/www.congressi.unisi.it\/openlegislation\/","title":{"rendered":""},"content":{"rendered":"<p style=\"text-align: justify;\">L\u2019evento consiste in una simulazione parlamentare, riferita al tema \u201cL\u2019inclusione dei richiedenti asilo\u201d. L\u2019iniziativaa preveder\u00e0 tre incontri formativi preliminari tenuti dai Docenti dell\u2019Universit\u00e0 sul\u00a0 funzionamento dell\u2019Assemblea parlamentare, sulla redazione di un progetto di legge, sui Regolamenti Parlamentari e sui poteri dell\u2019Ufficio di Presidenza. Successivamente si svolger\u00e0 una conferenza di apertura, anch\u2019essa tenuta dai Professori del nostro Ateneo, sul tema oggetto della competizione ed in seguito si terr\u00e0 la fase dibattimentale che durer\u00e0 tre giorni e sfocer\u00e0 nell\u2019approvazione di un disegno di legge.<br \/>\nI Docenti che parteciperanno a tale simulazione come relatori andranno a formare la Commissione Giudicante, la quale ha anche la funzione di Comitato Scientifico che elargir\u00e0 i seguenti premi:<\/p>\n<p>&#8211; Progetto di legge vincente<br \/>\n&#8211; Miglior Oratore<br \/>\n&#8211; Miglior Parlamentare<br \/>\n&#8211; Miglior proposta di Disegno di Legge<\/p>\n<p>La rilevanza dell\u2019evento \u00e8 prospettabile su scala nazionale, in quanto strumento principale di diffusione dello stesso saranno i canali di comunicazione ufficiali di ELSA Italia, con sede in 36 Universit\u00e0 italiane e soprattutto perch\u00e9 i partecipanti arriveranno anche dagli altri Atenei italiani.<br \/>\nInoltre, il miglior disegno di legge verr\u00e0 presentato dell\u2019On. Stefania Pezzopane presso uno dei rami del Parlamento.<\/p>\n","protected":false},"excerpt":{"rendered":"<p>L\u2019evento consiste in una simulazione parlamentare, riferita al tema \u201cL\u2019inclusione dei richiedenti asilo\u201d. L\u2019iniziativaa preveder\u00e0 tre incontri formativi preliminari tenuti dai Docenti dell\u2019Universit\u00e0 sul\u00a0 funzionamento dell\u2019Assemblea parlamentare, sulla redazione di un progetto di legge, sui Regolamenti Parlamentari e sui poteri dell\u2019Ufficio di Presidenza. Successivamente si svolger\u00e0 una conferenza di apertura, anch\u2019essa tenuta dai Professori del &hellip; <a href=\"https:\/\/www.congressi.unisi.it\/openlegislation\/\" class=\"more-link\">Leggi tutto<span class=\"screen-reader-text\"> &#8220;&#8221;<\/span><\/a><\/p>\n","protected":false},"author":2,"featured_media":0,"parent":0,"menu_order":0,"comment_status":"closed","ping_status":"closed","template":"","meta":{"saved_in_kubio":false,"footnotes":""},"class_list":["post-12","page","type-page","status-publish","hentry"],"kubio_ai_page_context":{"short_desc":"","purpose":"general"},"_links":{"self":[{"href":"https:\/\/www.congressi.unisi.it\/openlegislation\/wp-json\/wp\/v2\/pages\/12","targetHints":{"allow":["GET"]}}],"collection":[{"href":"https:\/\/www.congressi.unisi.it\/openlegislation\/wp-json\/wp\/v2\/pages"}],"about":[{"href":"https:\/\/www.congressi.unisi.it\/openlegislation\/wp-json\/wp\/v2\/types\/page"}],"author":[{"embeddable":true,"href":"https:\/\/www.congressi.unisi.it\/openlegislation\/wp-json\/wp\/v2\/users\/2"}],"replies":[{"embeddable":true,"href":"https:\/\/www.congressi.unisi.it\/openlegislation\/wp-json\/wp\/v2\/comments?post=12"}],"version-history":[{"count":1,"href":"https:\/\/www.congressi.unisi.it\/openlegislation\/wp-json\/wp\/v2\/pages\/12\/revisions"}],"predecessor-version":[{"id":13,"href":"https:\/\/www.congressi.unisi.it\/openlegislation\/wp-json\/wp\/v2\/pages\/12\/revisions\/13"}],"wp:attachment":[{"href":"https:\/\/www.congressi.unisi.it\/openlegislation\/wp-json\/wp\/v2\/media?parent=12"}],"curies":[{"name":"wp","href":"https:\/\/api.w.org\/{rel}","templated":true}]}}