{"id":32,"date":"2015-01-20T15:13:44","date_gmt":"2015-01-20T15:13:44","guid":{"rendered":"http:\/\/www.congressi.unisi.it\/gruppoelettronica2015\/?page_id=32"},"modified":"2015-06-08T12:30:06","modified_gmt":"2015-06-08T12:30:06","slug":"committees","status":"publish","type":"page","link":"https:\/\/www.congressi.unisi.it\/gruppoelettronica2015\/committees\/","title":{"rendered":"Committees"},"content":{"rendered":"<p><strong>Technical program Committee<br \/>\n<\/strong>Integrated Circuits (Sistemi elettronici integrati)<br \/>\nFranco Maloberti, Universita&#8217; di Pavia<\/p>\n<p>Micro- and Nano- Electronics (Dispositivi micro e nano elettronici)<br \/>\nLuca Selmi, Universit\u00e0 di Udine<\/p>\n<p>Microwave Electronics (Elettronica delle microonde ed onde millimetriche)<br \/>\nFranco Giannini, Universit\u00e0 di Roma Tor Vergata<\/p>\n<p>Sensors, MEMS and Instruments (Sensori, microsistemi e strumentazione)<br \/>\nVittorio Ferrari, Universit\u00e0 di Brescia<\/p>\n<p>Optoelectronics and Photonics (Optoelettronica e fotonica)<br \/>\nAntonello Cutolo, Universit\u00e0 del Sannio<\/p>\n<p>Power Electronics (Elettronica di potenza ed applicazioni industriali)<br \/>\nPaolo Mattavelli, Universit\u00e0 di Padova<\/p>\n<p>Electronic Systems (Sistemi elettronici e applicazioni)<br \/>\nAlessandro De Gloria, Universit\u00e0 di Genova<\/p>\n<p><strong>Local Organizing Committee<\/strong><br \/>\nSantina Rocchi (Conference Chair)<br \/>\nValerio Vignoli<br \/>\nTommaso Addabbo<\/p>\n<p><strong>Sponsored by<\/strong><\/p>\n<p><a href=\"http:\/\/www.congressi.unisi.it\/gruppoelettronica2015\/wp-content\/uploads\/sites\/36\/2015\/06\/sponsored_by4.jpg\"><img loading=\"lazy\" decoding=\"async\" class=\"alignnone size-full wp-image-322\" src=\"http:\/\/www.congressi.unisi.it\/gruppoelettronica2015\/wp-content\/uploads\/sites\/36\/2015\/06\/sponsored_by4.jpg\" alt=\"sponsored_by4\" width=\"601\" height=\"580\" srcset=\"https:\/\/www.congressi.unisi.it\/gruppoelettronica2015\/wp-content\/uploads\/sites\/36\/2015\/06\/sponsored_by4.jpg 601w, https:\/\/www.congressi.unisi.it\/gruppoelettronica2015\/wp-content\/uploads\/sites\/36\/2015\/06\/sponsored_by4-300x290.jpg 300w\" sizes=\"(max-width: 601px) 100vw, 601px\" \/><\/a><\/p>\n","protected":false},"excerpt":{"rendered":"<p>Technical program Committee Integrated Circuits (Sistemi elettronici integrati) Franco Maloberti, Universita&#8217; di Pavia Micro- and Nano- Electronics (Dispositivi micro e nano elettronici) Luca Selmi, Universit\u00e0 di Udine Microwave Electronics (Elettronica delle microonde ed onde millimetriche) Franco Giannini, Universit\u00e0 di Roma Tor Vergata Sensors, MEMS and Instruments (Sensori, microsistemi e strumentazione) Vittorio Ferrari, Universit\u00e0 di Brescia [&hellip;]<\/p>\n","protected":false},"author":5,"featured_media":0,"parent":0,"menu_order":0,"comment_status":"closed","ping_status":"closed","template":"","meta":{"saved_in_kubio":false,"footnotes":""},"class_list":["post-32","page","type-page","status-publish","hentry"],"kubio_ai_page_context":{"short_desc":"","purpose":"general"},"_links":{"self":[{"href":"https:\/\/www.congressi.unisi.it\/gruppoelettronica2015\/wp-json\/wp\/v2\/pages\/32","targetHints":{"allow":["GET"]}}],"collection":[{"href":"https:\/\/www.congressi.unisi.it\/gruppoelettronica2015\/wp-json\/wp\/v2\/pages"}],"about":[{"href":"https:\/\/www.congressi.unisi.it\/gruppoelettronica2015\/wp-json\/wp\/v2\/types\/page"}],"author":[{"embeddable":true,"href":"https:\/\/www.congressi.unisi.it\/gruppoelettronica2015\/wp-json\/wp\/v2\/users\/5"}],"replies":[{"embeddable":true,"href":"https:\/\/www.congressi.unisi.it\/gruppoelettronica2015\/wp-json\/wp\/v2\/comments?post=32"}],"version-history":[{"count":8,"href":"https:\/\/www.congressi.unisi.it\/gruppoelettronica2015\/wp-json\/wp\/v2\/pages\/32\/revisions"}],"predecessor-version":[{"id":328,"href":"https:\/\/www.congressi.unisi.it\/gruppoelettronica2015\/wp-json\/wp\/v2\/pages\/32\/revisions\/328"}],"wp:attachment":[{"href":"https:\/\/www.congressi.unisi.it\/gruppoelettronica2015\/wp-json\/wp\/v2\/media?parent=32"}],"curies":[{"name":"wp","href":"https:\/\/api.w.org\/{rel}","templated":true}]}}