{"id":19,"date":"2015-01-20T14:48:15","date_gmt":"2015-01-20T14:48:15","guid":{"rendered":"http:\/\/www.congressi.unisi.it\/gruppoelettronica2015\/?page_id=19"},"modified":"2015-07-15T12:56:16","modified_gmt":"2015-07-15T12:56:16","slug":"program","status":"publish","type":"page","link":"https:\/\/www.congressi.unisi.it\/gruppoelettronica2015\/program\/","title":{"rendered":"Program"},"content":{"rendered":"<p>Download the Final Program\u00a0 <a href=\"http:\/\/www.congressi.unisi.it\/gruppoelettronica2015\/wp-content\/uploads\/sites\/36\/2015\/07\/final_program_fascicolo.pdf\">click here<\/a><\/p>\n<div><b><b><b><span style=\"font-size: large;\">GE2015 Invited Lecturers<\/span><\/b><\/b><\/b>&nbsp;<\/p>\n<\/div>\n<div><\/div>\n<p>Thursday, June 25th 2015 \u2013 09::00 AM<br \/>\n<strong>Potential Technological Breakthroughs for Future Airborne Systems<br \/>\n<\/strong>Jean Chazelas, Scientific Director THALES Defence Mission Systems<\/p>\n<p>Thursday, June 25th 2015 \u2013 09:40 AM<br \/>\n<strong>Circuits and Systems for Elecctroceuticals<br \/>\n<\/strong>Wouter A. Serdijn, University of Technology, Delft<\/p>\n<p>Thursday, June 25th 2015 \u2013 02:20 PM<br \/>\n<strong>Why and How Making Image Sensors Moore Intelligent?<br \/>\n<\/strong>\u00c1ngel Rodr\u00edguez-V\u00e1zquez, University of Seville<\/p>\n<h2><strong>GE2015 Distinguished Lecturers<\/strong><\/h2>\n<p>Friday, June 26th 2015 \u2013 11:40 AM<br \/>\n<strong>A System Perspective for Highh-Density Power Electronics in Consumer, Transportation and Energy-Related Applications\u00c2 <\/strong><br \/>\nPaolo Mattavelli, University of Padova<\/p>\n<p>Friday, June 26th 2015 \u2013 12:20 AM<br \/>\n<strong>The New Semiconductor Electronics: Opportunities, Challenges, and Lessons for Engineering at the Nanoscale<\/strong><br \/>\nGiuseppe Iannaccone, University of Pisa<\/p>\n<p><strong>\u00a0<\/strong><\/p>\n<p>&#8212;&#8212;&#8212;&#8212;&#8212;&#8212;&#8212;&#8212;&#8212;&#8212;&#8212;&#8212;&#8212;&#8212;&#8212;&#8212;&#8212;&#8212;&#8212;&#8212;&#8212;&#8212;&#8212;&#8212;&#8212;&#8212;&#8212;&#8212;&#8212;&#8212;&#8212;&#8212;&#8212;&#8212;&#8212;&#8212;&#8212;&#8212;&#8212;&#8212;&#8212;&#8212;&#8212;&#8212;<\/p>\n<p><strong>Sponsored by<\/strong><\/p>\n<p><a href=\"http:\/\/www.congressi.unisi.it\/gruppoelettronica2015\/wp-content\/uploads\/sites\/36\/2015\/06\/sponsored_by4.jpg\"><img loading=\"lazy\" decoding=\"async\" class=\"alignnone size-full wp-image-322\" src=\"http:\/\/www.congressi.unisi.it\/gruppoelettronica2015\/wp-content\/uploads\/sites\/36\/2015\/06\/sponsored_by4.jpg\" alt=\"sponsored_by4\" width=\"601\" height=\"580\" srcset=\"https:\/\/www.congressi.unisi.it\/gruppoelettronica2015\/wp-content\/uploads\/sites\/36\/2015\/06\/sponsored_by4.jpg 601w, https:\/\/www.congressi.unisi.it\/gruppoelettronica2015\/wp-content\/uploads\/sites\/36\/2015\/06\/sponsored_by4-300x290.jpg 300w\" sizes=\"(max-width: 601px) 100vw, 601px\" \/><\/a><\/p>\n","protected":false},"excerpt":{"rendered":"<p>Download the Final Program\u00a0 click here GE2015 Invited Lecturers&nbsp; Thursday, June 25th 2015 \u2013 09::00 AM Potential Technological Breakthroughs for Future Airborne Systems Jean Chazelas, Scientific Director THALES Defence Mission Systems Thursday, June 25th 2015 \u2013 09:40 AM Circuits and Systems for Elecctroceuticals Wouter A. Serdijn, University of Technology, Delft Thursday, June 25th 2015 \u2013 [&hellip;]<\/p>\n","protected":false},"author":5,"featured_media":0,"parent":0,"menu_order":0,"comment_status":"closed","ping_status":"closed","template":"","meta":{"saved_in_kubio":false,"footnotes":""},"class_list":["post-19","page","type-page","status-publish","hentry"],"kubio_ai_page_context":{"short_desc":"","purpose":"general"},"_links":{"self":[{"href":"https:\/\/www.congressi.unisi.it\/gruppoelettronica2015\/wp-json\/wp\/v2\/pages\/19","targetHints":{"allow":["GET"]}}],"collection":[{"href":"https:\/\/www.congressi.unisi.it\/gruppoelettronica2015\/wp-json\/wp\/v2\/pages"}],"about":[{"href":"https:\/\/www.congressi.unisi.it\/gruppoelettronica2015\/wp-json\/wp\/v2\/types\/page"}],"author":[{"embeddable":true,"href":"https:\/\/www.congressi.unisi.it\/gruppoelettronica2015\/wp-json\/wp\/v2\/users\/5"}],"replies":[{"embeddable":true,"href":"https:\/\/www.congressi.unisi.it\/gruppoelettronica2015\/wp-json\/wp\/v2\/comments?post=19"}],"version-history":[{"count":56,"href":"https:\/\/www.congressi.unisi.it\/gruppoelettronica2015\/wp-json\/wp\/v2\/pages\/19\/revisions"}],"predecessor-version":[{"id":408,"href":"https:\/\/www.congressi.unisi.it\/gruppoelettronica2015\/wp-json\/wp\/v2\/pages\/19\/revisions\/408"}],"wp:attachment":[{"href":"https:\/\/www.congressi.unisi.it\/gruppoelettronica2015\/wp-json\/wp\/v2\/media?parent=19"}],"curies":[{"name":"wp","href":"https:\/\/api.w.org\/{rel}","templated":true}]}}