{"id":12,"date":"2023-04-11T16:14:18","date_gmt":"2023-04-11T14:14:18","guid":{"rendered":"http:\/\/www.congressi.unisi.it\/geounisi\/?page_id=12"},"modified":"2023-04-11T16:15:55","modified_gmt":"2023-04-11T14:15:55","slug":"programma","status":"publish","type":"page","link":"https:\/\/www.congressi.unisi.it\/geounisi\/programma\/","title":{"rendered":"Presentazione"},"content":{"rendered":"\n<p><em>L\u2019imprevedibilit\u00e0 del mondo del lavoro sta cambiando il significato delle professioni e anche le parole per definirle. Il collegamento tra universit\u00e0 e mondo del lavoro non chiama solo in causa il rapporto di incontro-scambio tra questi due universi. Richiede soprattutto la considerazione della stessa universit\u00e0 verso il lavoro. L\u2019idea di un progetto lavorativo per tutta la vita si \u00e8 tradotta in una visione pi\u00f9 frammentata, caratterizzata da incertezza e rischio. Come generare una conoscenza scientifica capace di tenere insieme i processi emancipativi e i processi produttivi? Questa visione sta portando con s\u00e9 un framework di costrutti, come apprendimenti informali, conoscenza pratica, conoscenza in azione, il ruolo dei practitioner nei processi della ricerca. Il lavoro come costrutto materiale e interpretativo \u00e8 dentro quelle forme di ricerca che si definiscono collaborative e si connotano come trasformative;\u00e8 dentro la didattica, nella crescente consapevolezza dei limiti di modelli trasmissivi della conoscenza, di forme di saperi decontestualizzati e generalisti, e nella ricerca di pratiche in grado di contribuire alla progettazione di lavoro. In questo quadro, l\u2019obiettivo del Convegno \u201cCultura del lavoro nell\u2019universit\u00e0. Esperienze in corso\u201d, promosso dall\u2019Universit\u00e0 degli Studi di Siena e dal Centro GEO, \u00e8 quello di creare uno spazio dove socializzare ci\u00f2 che le universit\u00e0 stanno facendo, individuando impalcature culturali e sociali che offrano contaminazioni tra formazione, lavoro e professioni. <\/em><em><\/em><\/p>\n\n\n\n<p><em>Che cosa richiedono le radicali trasformazioni del mondo del lavoro in termini di innovazione didattica? Quali interrogativi pongono ai sistemi dell\u2019Higher Education? Come rendere professionalizzante ciascun insegnamento delle diverse aree formative? Come integrare gli insegnamenti, i laboratori, il tirocinio? Come costruire occupabilit\u00e0 ed integrare formazione e lavoro? Quale contributo l\u2019universit\u00e0 sta producendo in termini di ricerca e di formazione dei futuri professionisti?&nbsp; <\/em><em><\/em><\/p>\n\n\n\n<p><em>L\u2019universit\u00e0 sta rispondendo attraverso pratiche, esempi e conoscenze, che possiamo mettere in rete e validare scientificamente e socialmente.<\/em><\/p>\n","protected":false},"excerpt":{"rendered":"<p>L\u2019imprevedibilit\u00e0 del mondo del lavoro sta cambiando il significato delle professioni e anche le parole per definirle. Il collegamento tra universit\u00e0 e mondo del lavoro non chiama solo in causa il rapporto di incontro-scambio tra questi due universi. Richiede soprattutto la considerazione della stessa universit\u00e0 verso il lavoro. L\u2019idea di un progetto lavorativo per tutta &hellip; <a href=\"https:\/\/www.congressi.unisi.it\/geounisi\/programma\/\" class=\"more-link\">Leggi tutto<span class=\"screen-reader-text\"> &#8220;Presentazione&#8221;<\/span><\/a><\/p>\n","protected":false},"author":5,"featured_media":0,"parent":0,"menu_order":0,"comment_status":"closed","ping_status":"closed","template":"","meta":{"saved_in_kubio":false,"footnotes":""},"class_list":["post-12","page","type-page","status-publish","hentry"],"kubio_ai_page_context":{"short_desc":"","purpose":"general"},"_links":{"self":[{"href":"https:\/\/www.congressi.unisi.it\/geounisi\/wp-json\/wp\/v2\/pages\/12","targetHints":{"allow":["GET"]}}],"collection":[{"href":"https:\/\/www.congressi.unisi.it\/geounisi\/wp-json\/wp\/v2\/pages"}],"about":[{"href":"https:\/\/www.congressi.unisi.it\/geounisi\/wp-json\/wp\/v2\/types\/page"}],"author":[{"embeddable":true,"href":"https:\/\/www.congressi.unisi.it\/geounisi\/wp-json\/wp\/v2\/users\/5"}],"replies":[{"embeddable":true,"href":"https:\/\/www.congressi.unisi.it\/geounisi\/wp-json\/wp\/v2\/comments?post=12"}],"version-history":[{"count":2,"href":"https:\/\/www.congressi.unisi.it\/geounisi\/wp-json\/wp\/v2\/pages\/12\/revisions"}],"predecessor-version":[{"id":14,"href":"https:\/\/www.congressi.unisi.it\/geounisi\/wp-json\/wp\/v2\/pages\/12\/revisions\/14"}],"wp:attachment":[{"href":"https:\/\/www.congressi.unisi.it\/geounisi\/wp-json\/wp\/v2\/media?parent=12"}],"curies":[{"name":"wp","href":"https:\/\/api.w.org\/{rel}","templated":true}]}}