{"id":82,"date":"2022-07-22T15:15:36","date_gmt":"2022-07-22T13:15:36","guid":{"rendered":"http:\/\/www.congressi.unisi.it\/easygov\/?page_id=82"},"modified":"2022-07-22T15:15:36","modified_gmt":"2022-07-22T13:15:36","slug":"committee","status":"publish","type":"page","link":"https:\/\/www.congressi.unisi.it\/easygov\/committee\/","title":{"rendered":"Committee"},"content":{"rendered":"\n<div class=\"wp-block-columns is-layout-flex wp-container-core-columns-is-layout-1 wp-block-columns-is-layout-flex\">\n<div class=\"wp-block-column is-layout-flow wp-block-column-is-layout-flow\">\n<p><em><strong>Local Committee &#8211; University of Siena:<\/strong><\/em><\/p>\n<p>Manuela Benvenuti<br \/>Maddalena Corsini<\/p>\n<\/div>\n\n\n\n<div class=\"wp-block-column is-layout-flow wp-block-column-is-layout-flow\">\n<p><em><strong>EASYGOV Committee<\/strong><\/em>:<\/p>\n<p>Cristina Ribeiro Project Coordinator &#8211; <em>University of Minho<\/em><br \/>Fernanda C\u00e1ssio Project Integrated Member &#8211; <em>University of Minho<\/em><br \/>Luis Rodrigues Project Integrated Member &#8211; <em>New Consulting<br \/><\/em>Susana Espinoza Project Integrated Member &#8211; <em>New Consulting<br \/><\/em>Mary Alexandraki Project Integrated Member &#8211; <em>University of Thessaly<br \/><\/em>Eleni Malissiova Project Integrated Member &#8211; <em>University of Thessaly<br \/><\/em>Athanasios Manouras Project Integrated Member &#8211; <em>University of Thessaly<br \/><\/em>Anastasia Tzereme Project Integrated Member &#8211; <em>University of Thessaly<br \/><\/em>Rudite Koka Project Integrated Member &#8211; <em>R\u012bga Stradi\u0146\u0161 University<br \/><\/em>Aija Strode Project Integrated Member &#8211; <em>R\u012bga Stradi\u0146\u0161 University<br \/><\/em>Manuela Benvenuti Project Integrated Member \u2013 <em>University of Siena<br \/><\/em>Maddalena Corsini Project Integrated Member &#8211; <em>University of Siena<\/em><\/p>\n<\/div>\n<\/div>\n","protected":false},"excerpt":{"rendered":"","protected":false},"author":2,"featured_media":0,"parent":0,"menu_order":0,"comment_status":"closed","ping_status":"closed","template":"","meta":{"saved_in_kubio":false,"footnotes":""},"class_list":["post-82","page","type-page","status-publish","hentry"],"kubio_ai_page_context":{"short_desc":"","purpose":"general"},"_links":{"self":[{"href":"https:\/\/www.congressi.unisi.it\/easygov\/wp-json\/wp\/v2\/pages\/82","targetHints":{"allow":["GET"]}}],"collection":[{"href":"https:\/\/www.congressi.unisi.it\/easygov\/wp-json\/wp\/v2\/pages"}],"about":[{"href":"https:\/\/www.congressi.unisi.it\/easygov\/wp-json\/wp\/v2\/types\/page"}],"author":[{"embeddable":true,"href":"https:\/\/www.congressi.unisi.it\/easygov\/wp-json\/wp\/v2\/users\/2"}],"replies":[{"embeddable":true,"href":"https:\/\/www.congressi.unisi.it\/easygov\/wp-json\/wp\/v2\/comments?post=82"}],"version-history":[{"count":1,"href":"https:\/\/www.congressi.unisi.it\/easygov\/wp-json\/wp\/v2\/pages\/82\/revisions"}],"predecessor-version":[{"id":83,"href":"https:\/\/www.congressi.unisi.it\/easygov\/wp-json\/wp\/v2\/pages\/82\/revisions\/83"}],"wp:attachment":[{"href":"https:\/\/www.congressi.unisi.it\/easygov\/wp-json\/wp\/v2\/media?parent=82"}],"curies":[{"name":"wp","href":"https:\/\/api.w.org\/{rel}","templated":true}]}}