{"id":277,"date":"2026-03-23T07:59:20","date_gmt":"2026-03-23T07:59:20","guid":{"rendered":"https:\/\/www.congressi.unisi.it\/ctb12\/?page_id=277"},"modified":"2026-03-23T08:01:55","modified_gmt":"2026-03-23T08:01:55","slug":"magda-rowinska-zyrek","status":"publish","type":"page","link":"https:\/\/www.congressi.unisi.it\/ctb12\/magda-rowinska-zyrek\/","title":{"rendered":"Magdalena Rowi\u0144ska-\u017byrek"},"content":{"rendered":"<p style=\"text-align: justify;\">Prof. <strong>Magda Rowi\u0144ska-\u017byrek <\/strong>works with the Biologically Active Metallopeptides Group at the Faculty of Chemistry, University of Wroc\u0142aw.\u00a0 Her research focus on the bioinorganic chemistry of antimicrobial peptides, zincophores, metal\u2013peptide interactions and peptide-based therapeutics. Her research thrives at the interface of chemistry, biology, and medicine, driven by collaboration, curiosity, and shared scientific enthusiasm.<\/p>\n","protected":false},"excerpt":{"rendered":"<p>Prof. Magda Rowi\u0144ska-\u017byrek works with the Biologically Active Metallopeptides Group at the Faculty of Chemistry, University of Wroc\u0142aw.\u00a0 Her research focus on the bioinorganic chemistry of antimicrobial peptides, zincophores, metal\u2013peptide interactions and peptide-based therapeutics. Her research thrives at the interface of chemistry, biology, and medicine, driven by collaboration, curiosity, and shared scientific enthusiasm.<\/p>\n","protected":false},"author":2,"featured_media":0,"parent":0,"menu_order":0,"comment_status":"closed","ping_status":"closed","template":"","meta":{"saved_in_kubio":false,"footnotes":""},"class_list":["post-277","page","type-page","status-publish","hentry"],"kubio_ai_page_context":{"short_desc":"","purpose":"general"},"_links":{"self":[{"href":"https:\/\/www.congressi.unisi.it\/ctb12\/wp-json\/wp\/v2\/pages\/277","targetHints":{"allow":["GET"]}}],"collection":[{"href":"https:\/\/www.congressi.unisi.it\/ctb12\/wp-json\/wp\/v2\/pages"}],"about":[{"href":"https:\/\/www.congressi.unisi.it\/ctb12\/wp-json\/wp\/v2\/types\/page"}],"author":[{"embeddable":true,"href":"https:\/\/www.congressi.unisi.it\/ctb12\/wp-json\/wp\/v2\/users\/2"}],"replies":[{"embeddable":true,"href":"https:\/\/www.congressi.unisi.it\/ctb12\/wp-json\/wp\/v2\/comments?post=277"}],"version-history":[{"count":2,"href":"https:\/\/www.congressi.unisi.it\/ctb12\/wp-json\/wp\/v2\/pages\/277\/revisions"}],"predecessor-version":[{"id":284,"href":"https:\/\/www.congressi.unisi.it\/ctb12\/wp-json\/wp\/v2\/pages\/277\/revisions\/284"}],"wp:attachment":[{"href":"https:\/\/www.congressi.unisi.it\/ctb12\/wp-json\/wp\/v2\/media?parent=277"}],"curies":[{"name":"wp","href":"https:\/\/api.w.org\/{rel}","templated":true}]}}