{"id":141,"date":"2026-01-12T08:37:40","date_gmt":"2026-01-12T08:37:40","guid":{"rendered":"https:\/\/www.congressi.unisi.it\/ctb12\/?page_id=141"},"modified":"2026-04-16T15:29:50","modified_gmt":"2026-04-16T15:29:50","slug":"committee","status":"publish","type":"page","link":"https:\/\/www.congressi.unisi.it\/ctb12\/committee\/","title":{"rendered":"Committee"},"content":{"rendered":"\n<p><strong>International Scientific Board<\/strong><\/p>\n\n\n\n<p>Andr\u00e1s Perczel, Budapest, Hungary<br>Bela Gyurcsik, Szeged, Hungary<br>Botond Penke, Szeged, Hungary<br>G\u00e1bor N\u00e1ray-Szab\u00f3, Budapest, Hungary<br>Grazyna Stochel, Krakow, Poland<br>Henriette Molinari, Verona, Italy<br>Henryk Koz\u0142owski, Opole, Poland<br>Janez Plavec, Ljubljana, Slovenia<br>Jaroslaw Polanski, Katowice, Poland<br>Josef Jampilek, Bratislava, Slovakia\/ Olomouc, Czech Republic<br>Ladislav Petrus, Bratislava, Slovakia<br>Lucia Gardossi, Trieste, Italy<br>Milos Djuran, Kragujevac, Serbia<br>Milos Hricovini, Bratislava, Slovakia<br>Pavel Hobza, Prague, Czech Republic<br>Piotr Cysewski, Bydgoszcz, Poland<br>Robert Konrat, Vienna, Austria<br>Robert Vianello, Zagreb, Croatia<br>Roberto Rizzo, Trieste, Italy<br>Sanja Tomic, Zagreb, Croatia<br>Silvano Geremia , Trieste, Italy<br>Tadeusz M. Krygowski, Warsaw, Poland<br>Venceslav Kaucic, Ljubljana, Slovenia<br>Vilim Simanek, Olomouc, Czech Republic<br>Walter Keller, Graz, Austria<\/p>\n\n\n\n<p><strong>Local Organizing Committee &#8211; University of Siena<\/strong><\/p>\n\n\n\n<p>Daniela Valensin<br>Cecilia Pozzi<br>Agnese Magnani<br>Andrea Bernini<br>Stefania Lamponi<br>Arian Kola<\/p>\n","protected":false},"excerpt":{"rendered":"<p>International Scientific Board Andr\u00e1s Perczel, Budapest, HungaryBela Gyurcsik, Szeged, HungaryBotond Penke, Szeged, HungaryG\u00e1bor N\u00e1ray-Szab\u00f3, Budapest, HungaryGrazyna Stochel, Krakow, PolandHenriette Molinari, Verona, ItalyHenryk Koz\u0142owski, Opole, PolandJanez Plavec, Ljubljana, SloveniaJaroslaw Polanski, Katowice, PolandJosef Jampilek, Bratislava, Slovakia\/ Olomouc, Czech RepublicLadislav Petrus, Bratislava, SlovakiaLucia Gardossi, Trieste, ItalyMilos Djuran, Kragujevac, SerbiaMilos Hricovini, Bratislava, SlovakiaPavel Hobza, Prague, Czech RepublicPiotr Cysewski, Bydgoszcz, [&hellip;]<\/p>\n","protected":false},"author":2,"featured_media":0,"parent":0,"menu_order":0,"comment_status":"closed","ping_status":"closed","template":"","meta":{"saved_in_kubio":false,"footnotes":""},"class_list":["post-141","page","type-page","status-publish","hentry"],"kubio_ai_page_context":{"short_desc":"","purpose":"general"},"_links":{"self":[{"href":"https:\/\/www.congressi.unisi.it\/ctb12\/wp-json\/wp\/v2\/pages\/141","targetHints":{"allow":["GET"]}}],"collection":[{"href":"https:\/\/www.congressi.unisi.it\/ctb12\/wp-json\/wp\/v2\/pages"}],"about":[{"href":"https:\/\/www.congressi.unisi.it\/ctb12\/wp-json\/wp\/v2\/types\/page"}],"author":[{"embeddable":true,"href":"https:\/\/www.congressi.unisi.it\/ctb12\/wp-json\/wp\/v2\/users\/2"}],"replies":[{"embeddable":true,"href":"https:\/\/www.congressi.unisi.it\/ctb12\/wp-json\/wp\/v2\/comments?post=141"}],"version-history":[{"count":3,"href":"https:\/\/www.congressi.unisi.it\/ctb12\/wp-json\/wp\/v2\/pages\/141\/revisions"}],"predecessor-version":[{"id":319,"href":"https:\/\/www.congressi.unisi.it\/ctb12\/wp-json\/wp\/v2\/pages\/141\/revisions\/319"}],"wp:attachment":[{"href":"https:\/\/www.congressi.unisi.it\/ctb12\/wp-json\/wp\/v2\/media?parent=141"}],"curies":[{"name":"wp","href":"https:\/\/api.w.org\/{rel}","templated":true}]}}