{"id":64,"date":"2019-07-04T16:58:15","date_gmt":"2019-07-04T14:58:15","guid":{"rendered":"http:\/\/www.congressi.unisi.it\/crisis\/?page_id=64"},"modified":"2019-09-12T18:57:10","modified_gmt":"2019-09-12T16:57:10","slug":"16-september","status":"publish","type":"page","link":"https:\/\/www.congressi.unisi.it\/crisis\/16-september\/","title":{"rendered":"16 Settembre"},"content":{"rendered":"\n<p>10.00 Registrazione dei partecipanti<\/p>\n<p>11.00 Inaugurazione del convegno<br \/><strong>Stefania Pacchi <\/strong>(Universit\u00e0 di Siena)<br \/><strong>Stefano Pagliantini <\/strong>(Direttore del Dipartimento di Giurisprudenza)<br \/><strong>Giorgio Corno<\/strong> (INSOL Europe)<br \/><strong>Raffaella Brogi<\/strong> \u00a0(Giudice delegato presso il Tribunale di Prato e membro del Gruppo di coordinamento OCI)<br \/><strong>Andrea Foschi<\/strong> (Consiglio Nazionale dei dottori commercialisti ed esperti contabili)<br \/><strong>Fabio Di Vizio<\/strong> (Sostituto procuratore presso il Tribunale di Firenze e membro della formazione decentrata della Scuola Superiore della Magistratura)<br \/><strong>Andr\u00e9 Guilherme Lemos Jorge<\/strong> (Director del Master en Derecho de al Universidad Nove de Julho di San Paolo)<br \/><strong>Maria Letizia Peri<\/strong>, Consiglio Notarile di Siena e San Giminiano<\/p>\n<p>13.00 Pranzo<\/p>\n<p><strong>I SESSIONE: GLI ORGANISMI PER LA GESTIONE DELLA CRISI DELL\u2019IMPRESA <\/strong><\/p>\n<p>14.30-19.00<strong><em> I Parte\u00a0 <\/em><\/strong>Le esperienze latinoamericane<br \/><br \/>Relazione introduttiva: <strong>Stefania Pacchi <\/strong>(Universit\u00e0 di Siena)<br \/><br \/><strong>Aldo Bianchini<\/strong> (Sala Especializada en Procedimientos Concursales del Indecopi &#8211; Per\u00f9)<br \/><em>\u201cR\u00e9gimen Administrativo de la Insolvencia en el Per\u00fa: desjudicializaci\u00f3n y privatizaci\u00f3n de las decisiones empresariales en los concursos de acreedores\u201d<\/em><\/p>\n<p><strong>Luis Manuel C. Mejan<\/strong> (Instituto Tecnol\u00f3gico Aut\u00f3nomo de M\u00e9xico)<br \/>\u201cEl IFECOM y la IAIR\u201d<br \/><strong><br \/>Paulina Carrasco Pi\u00f1ones<\/strong> (Superintendencia de Insolvencia y Reemprendimiento de Chile)<br \/><em>\u00a0\u201cEvoluci\u00f3n del Derecho Concursal chileno, una nueva forma de prevenir y enfrentar crisis patrimoniales de empresas y personas naturales\u201d<\/em><\/p>\n<p><strong>Juan Pablo Li\u00e9vano Vegalara<\/strong> (Superintendencia de Sociedades de Colombia)<br \/><em>\u201cEl Rol del supervisor colombiano en el contexto de Insolvencia Empresarial\u201d<\/em><br \/><strong><br \/>Zamira Ayul<\/strong> (Universidad de la Rep\u00fablica Oriental de Uruguay)<br \/><em>\u00a0\u201cSistemas institucionales para la composici\u00f3n de la crisis empresarial en Uruguay\u201d<br \/><\/em><\/p>\n<p><strong>Mar\u00eda Isabel Candelario Macias<\/strong> (Universidad Carlos III de Madrid) <br \/><em>\u201cLa mediaci\u00f3n concursal en Espa\u00f1a\u201d<\/em><\/p>\n<p><em>\u00a0<\/em><\/p>\n<p><br \/><br \/><\/p>\n","protected":false},"excerpt":{"rendered":"","protected":false},"author":5,"featured_media":0,"parent":0,"menu_order":0,"comment_status":"closed","ping_status":"closed","template":"","meta":{"saved_in_kubio":false,"footnotes":""},"class_list":["post-64","page","type-page","status-publish","hentry"],"kubio_ai_page_context":{"short_desc":"","purpose":"general"},"_links":{"self":[{"href":"https:\/\/www.congressi.unisi.it\/crisis\/wp-json\/wp\/v2\/pages\/64","targetHints":{"allow":["GET"]}}],"collection":[{"href":"https:\/\/www.congressi.unisi.it\/crisis\/wp-json\/wp\/v2\/pages"}],"about":[{"href":"https:\/\/www.congressi.unisi.it\/crisis\/wp-json\/wp\/v2\/types\/page"}],"author":[{"embeddable":true,"href":"https:\/\/www.congressi.unisi.it\/crisis\/wp-json\/wp\/v2\/users\/5"}],"replies":[{"embeddable":true,"href":"https:\/\/www.congressi.unisi.it\/crisis\/wp-json\/wp\/v2\/comments?post=64"}],"version-history":[{"count":23,"href":"https:\/\/www.congressi.unisi.it\/crisis\/wp-json\/wp\/v2\/pages\/64\/revisions"}],"predecessor-version":[{"id":308,"href":"https:\/\/www.congressi.unisi.it\/crisis\/wp-json\/wp\/v2\/pages\/64\/revisions\/308"}],"wp:attachment":[{"href":"https:\/\/www.congressi.unisi.it\/crisis\/wp-json\/wp\/v2\/media?parent=64"}],"curies":[{"name":"wp","href":"https:\/\/api.w.org\/{rel}","templated":true}]}}