{"id":715,"date":"2023-05-07T06:55:21","date_gmt":"2023-05-07T04:55:21","guid":{"rendered":"http:\/\/www.congressi.unisi.it\/aiucd2023\/?page_id=715"},"modified":"2023-06-07T15:22:01","modified_gmt":"2023-06-07T13:22:01","slug":"programma-aiucd","status":"publish","type":"page","link":"https:\/\/www.congressi.unisi.it\/aiucd2023\/programma-aiucd\/","title":{"rendered":"Programma"},"content":{"rendered":"\n<div class=\"wp-block-buttons is-layout-flex wp-block-buttons-is-layout-flex\">\n<div class=\"wp-block-button is-style-outline is-style-outline--1\"><a class=\"wp-block-button__link\" href=\"http:\/\/www.aiucd.it\/wp-content\/uploads\/2023\/06\/2023_aiucd_la_memoria_digitale_v1.pdf\" target=\"_blank\" rel=\"noreferrer noopener\">Download Papers<\/a><\/div>\n<\/div>\n\n\n\n<h2 class=\"wp-block-heading\"><strong><span style=\"color:#007acc\" class=\"tadv-color\">Luned\u00ec 5 giugno <\/span><\/strong><\/h2>\n\n\n\n<p><strong><span style=\"color:#640c1f\" class=\"tadv-color\"><a href=\"https:\/\/goo.gl\/maps\/Ph7sNgHzmbSmoZsB8?coh=178573&amp;entry=tt\" target=\"_blank\" rel=\"noreferrer noopener\">Palazzo San Niccol\u00f2, Via Roma 56<\/a><\/span><\/strong><\/p>\n\n\n\n<p><strong><span style=\"color:#640c1f\" class=\"tadv-color\">Apertura welcome desk ore 8.30-11.30 <\/span><\/strong><\/p>\n\n\n\n<h4 class=\"wp-block-heading\"><strong>Workshop<\/strong> <\/h4>\n\n\n\n<p><strong>ore 9-13, aula 356 Palazzo San Niccol\u00f2, terzo piano<\/strong><\/p>\n\n\n\n<ul class=\"wp-block-list\"><li>Giulia D\u2019Agostino, Giulia Fabbris, Roberto Rosselli Del Turco,&nbsp;<em><strong><a href=\"http:\/\/www.congressi.unisi.it\/aiucd2023\/wp-content\/uploads\/sites\/142\/2023\/06\/WorkshopEVT_AIUCD2023.pdf\" target=\"_blank\" rel=\"noreferrer noopener\">Workshop sulle edizioni digitali: preparazione con codifica XML TEI e visualizzazione con il software EVT<\/a><\/strong><\/em><\/li><li>Beatrice Nava, Roberta Priore,<strong>&nbsp;<em><a href=\"http:\/\/www.congressi.unisi.it\/aiucd2023\/wp-content\/uploads\/sites\/142\/2023\/06\/workshop-codificare.pdf\" target=\"_blank\" rel=\"noreferrer noopener\">Codificare (al)l&#8217;Infinito<\/a><\/em><\/strong><\/li><\/ul>\n\n\n\n<p><\/p>\n\n\n\n<p><strong>ore 11-13, aula 468 Palazzo San Niccol\u00f2, quarto piano<\/strong><\/p>\n\n\n\n<ul class=\"wp-block-list\"><li>Sara Mansutti, Salvatore Spina,<a href=\"http:\/\/www.congressi.unisi.it\/aiucd2023\/wp-content\/uploads\/sites\/142\/2023\/06\/workshop_transkribus.pdf\" target=\"_blank\" rel=\"noreferrer noopener\">&nbsp;<em><strong>Trascrivere, analizzare e pubblicare documenti d\u2019archivio: Transkribus e l\u2019intelligenza artificiale al servizio dello storico<\/strong>&nbsp;<\/em><\/a><\/li><\/ul>\n\n\n\n<hr class=\"wp-block-separator\" \/>\n\n\n\n<div style=\"height:23px\" aria-hidden=\"true\" class=\"wp-block-spacer\"><\/div>\n\n\n\n<p><span style=\"color:#640c1f\" class=\"tadv-color\"><strong><a href=\"https:\/\/goo.gl\/maps\/bJ4KFXw8ddsGeWHu9?coh=178573&amp;entry=tt\" target=\"_blank\" rel=\"noreferrer noopener\">Palazzo del Rettorato, Via Banchi di Sotto 55<\/a><\/strong><\/span><\/p>\n\n\n\n<p><span style=\"color:#640c1f\" class=\"tadv-color\"><strong>Apertura welcome desk ore 13.30<\/strong><\/span><\/p>\n\n\n\n<h4 class=\"wp-block-heading\"><strong>14.15 Cerimonia di apertura<\/strong> <\/h4>\n\n\n\n<p class=\"has-text-align-right\"><a href=\"https:\/\/www.youtube.com\/live\/-Fi2pmR5NOk?feature=share\" target=\"_blank\" rel=\"noreferrer noopener\">streaming youtube<\/a><\/p>\n\n\n\n<p>Saluti istituzionali:<\/p>\n<p>Roberto Di Pietra, Magnifico Rettore\u00a0<\/p>\n<p>Alessandra Nardini, Assessora all&#8217;Istruzione, formazione professionale, universit\u00e0 e ricerca, impiego, relazioni internazionali e politiche di genere di Regione Toscana<\/p>\n<p>Francesco Stella, Emmanuela Carb\u00e9, Chair del convegno<\/p>\n<p>Marina Buzzoni (Universit\u00e0 Ca&#8217; Foscari, Venezia), Presidente dell&#8217;Associazione per l&#8217;Informatica Umanistica e la Cultura Digitale<\/p>\n\n\n\n<hr class=\"wp-block-separator\" \/>\n\n\n\n<h4 class=\"wp-block-heading\">Francesca Tomasi, <em>In ricordo di Dino<\/em><\/h4>\n\n\n\n<div style=\"height:21px\" aria-hidden=\"true\" class=\"wp-block-spacer\"><\/div>\n\n\n\n<h4 class=\"wp-block-heading\"><strong>1<\/strong>5.00 <strong><a href=\"http:\/\/www.aiucd2023.unisi.it\/keynote_it\/\">Keynote speakers<\/a><\/strong><\/h4>\n\n\n\n<p>Introducono e coordinano <strong>Marina Buzzoni<\/strong> e <strong>Cristina Marras<\/strong><\/p>\n\n\n\n<ul class=\"wp-block-list\"><li><strong>Lino Leonardi<\/strong> (Scuola Normale Superiore), <strong>Emiliano Degl\u2019Innocenti <\/strong>(CNR),&nbsp;<em>Filologia digitale e infrastrutture&nbsp;di&nbsp;ricerca, nel PNRR e oltre<\/em><\/li><li><strong>Arianna Ciula <\/strong>(King&#8217;s Digital Lab, King&#8217;s College London),&nbsp;<em>Infrastrutture&nbsp;di&nbsp;ricerca: dal ruolo della modellizzazione&nbsp;all&#8217;ecosistema&nbsp;di&nbsp;laboratorio<\/em><\/li><li><strong>Monica Monachini<\/strong>, <strong>Francesca Frontini<\/strong> (ILC-CNR)<em>,&nbsp;Scienza&nbsp;aperta&nbsp;e&nbsp;formazione&nbsp;nelle&nbsp;infrastrutture&nbsp;di&nbsp;ricerca&nbsp;europee&nbsp;e&nbsp;nazionali&nbsp;per&nbsp;le risorse&nbsp;linguistiche&nbsp;<\/em><\/li><\/ul>\n\n\n\n<p><span style=\"color:#686868\" class=\"tadv-color\"><strong>Discussione<\/strong><\/span><\/p>\n\n\n\n<p><strong><span style=\"color:#402b30\" class=\"tadv-color\">17.00-17.30 Coffee Break<\/span><\/strong><\/p>\n\n\n\n<div style=\"height:20px\" aria-hidden=\"true\" class=\"wp-block-spacer\"><\/div>\n\n\n\n<hr class=\"wp-block-separator\" \/>\n\n\n\n<h4 class=\"wp-block-heading\"><strong>17.30-19.45<\/strong> <a rel=\"noreferrer noopener\" href=\"http:\/\/www.aiucd2023.unisi.it\/2023\/05\/06\/poster\/?preview=true\/\" target=\"_blank\">Poster Slam e Poster Session<\/a> <\/h4>\n\n\n\n<p>Chair: <strong>Federico Boschetti<\/strong><\/p>\n\n\n\n<p><strong>Poster Slam<\/strong>: Aula Magna del Rettorato<\/p>\n\n\n\n<p>Segue la sessione poster presso il cortile del Rettorato <\/p>\n\n\n\n<div style=\"height:85px\" aria-hidden=\"true\" class=\"wp-block-spacer\"><\/div>\n\n\n\n<h2 class=\"wp-block-heading\"><strong><span style=\"color:#007acc\" class=\"tadv-color\">Marted\u00ec 6 giugno&nbsp;<\/span><\/strong><\/h2>\n\n\n\n<p><strong><span style=\"color:#686868\" class=\"tadv-color\">Santa Chiara Lab, Via Val di Montone 1, apertura desk ore 8.30<\/span><\/strong><\/p>\n\n\n\n<h4 class=\"wp-block-heading\"><strong>09.00-10.15 Sessioni parallele<\/strong><\/h4>\n\n\n\n<figure class=\"wp-block-table\"><table><tbody><tr><td><em>Auditorium<\/em><br><br>Sessione 1: <strong>Oltre l&#8217;edizione: ontologie, linguistica e IA<\/strong><br>Presiede Paolo Monella<br><br>&#8211; Chiara De Bastiani,&nbsp;<em>Harmonizing and modelling a bibliographic ontology of imperial diplomas within the OntoVE Knowledge Base<\/em><br>&#8211; Timo Korkiakangas,&nbsp;<em>A digital diplomatic edition of 10th-century charters of Lucca for Latin corpus linguistics<\/em><br>&#8211; Val\u00e9rie Thon, Laurent Vanni, Dominique Longr\u00e9e,&nbsp;<em>To what extent are lemmatisation and annotation relevant for deep learning assignments and textual motifs detection? The case-study of Peter Damian\u2019s letters (11th century)<\/em><br><strong>Discussione<\/strong><\/td><\/tr><tr><td><br><em>Aula Meeting<br><\/em><br>Sessione 2:  <strong>Attraversando il Novecento<br><\/strong>Presiede Riccardo Castellana<br><br>&#8211; Antonio Sichera, Liborio Pietro Barbarino, Christian D\u2019Agata, Giuseppe Palazzolo,&nbsp;<em>LINEA: per un portale della letteratura italiana del Novecento<\/em><br>&#8211; Enrica Bruno, Valentina Pasqual, Francesca Tomasi,&nbsp;<em>ODI and BACODI: a study on Destini incrociati by Italo Calvino with Semantic Web Technologies<\/em><br>&#8211; Laura Antonietti,&nbsp;<em>Creare e interrogare i modelli: un duplice valore conoscitivo. Il caso dei pareri di lettura einaudiani di Natalia Ginzburg<\/em><br><strong>Discussione<\/strong><\/td><\/tr><\/tbody><\/table><\/figure>\n\n\n\n<p><\/p>\n\n\n\n<div style=\"height:40px\" aria-hidden=\"true\" class=\"wp-block-spacer\"><\/div>\n\n\n\n<h4 class=\"wp-block-heading\"><strong>10.15-11.00<\/strong> Keynote Speech<\/h4>\n\n\n\n<p><strong>Paola Italia <\/strong>(Universit\u00e0 di Bologna),<strong>&nbsp;<\/strong><em>Edizione, Annotazione, Visualizzazione. Problemi e prospettive della\/per la filologia digitale<\/em>. Introduce e coordina <strong>Roberto Rosselli Del Turco<\/strong><\/p>\n\n\n\n<p class=\"has-text-align-right\"><a href=\"https:\/\/www.youtube.com\/live\/uCIhh9x9Fyg?feature=share\" target=\"_blank\" rel=\"noreferrer noopener\">streaming youtube<\/a><\/p>\n\n\n\n<p><em><span style=\"color:#686868\" class=\"tadv-color\"><strong>11.00-11.30 Coffee Break<\/strong><\/span><\/em><\/p>\n\n\n\n<div style=\"height:46px\" aria-hidden=\"true\" class=\"wp-block-spacer\"><\/div>\n\n\n\n<h4 class=\"wp-block-heading\"><strong>11.30-12.45 Sessioni parallele <\/strong><\/h4>\n\n\n\n<figure class=\"wp-block-table\"><table><tbody><tr><td><em>Auditorium<\/em><br><br>Sessione 3: <strong>Tra testi e documenti<br><\/strong>Presiede Francesco Stella<br><br>&#8211; Luca Ughetti, Cristina Ricciardi,&nbsp;<em>Per un atlante delle biblioteche medievali: il progetto Mirabile-Atlas e una nuova prospettiva sulla circolazione della cultura manoscritta<\/em><br>&#8211; Adele Cipolla, Anna Cappellotto,&nbsp;<em>L\u2019edizione di un graphic novel medievale: Il Romanzo di Tristan in M\u00fcnchen, BSB, Cgm 51 come laboratorio di codifica (Progetto: TRISDE 51)<\/em><br>&#8211; Jaewon Ahn, Hanuri Son, Kwangho Kim, Seokchan Yun,&nbsp;<em>Making Korean Perseus Digital Library: The Case Study of \u2018Dokdo Digital Library\u2019&nbsp;<\/em><br><strong>Discussione<\/strong><\/td><\/tr><tr><td><br>Aula Meeting<br><br>Sessione 4: <strong>Archivi immateriali e organizzazione della conoscenza<br><\/strong>Presiede Maurizio Lana<br><br>&#8211; Daniele Silvi,&nbsp;<em>EcoLet. Ecotemario della Letteratura italiana<\/em><br>&#8211; Duccio Piccardi, Silvia Calamai,&nbsp;<em>How many oral archives are in your home? Piloting a new Tuscan census in the Gra.fo Reloaded project<\/em><br>&#8211; Mariangela Giglio,&nbsp;<em>L\u2019applicazione del digitale alla valorizzazione della lingua come patrimonio culturale immateriale<\/em><br><strong>Discussione<\/strong><\/td><\/tr><\/tbody><\/table><\/figure>\n\n\n\n<p><em><span style=\"color:#686868\" class=\"tadv-color\"><strong>12.45-13.45 Lunch<\/strong><\/span><\/em><\/p>\n\n\n\n<div style=\"height:42px\" aria-hidden=\"true\" class=\"wp-block-spacer\"><\/div>\n\n\n\n<h4 class=\"wp-block-heading\">13.45-15.00 SESSIONI PARALLELE<\/h4>\n\n\n\n<figure class=\"wp-block-table\"><table><tbody><tr><td>Auditorium<br><br>Sessione 5: <strong>Approcci metodologici al patrimonio culturale<br><\/strong>Presiede Paola Castellucci<br><br>&#8211; Federico Valacchi,&nbsp;<em>Dai metadati ai dati, dai contesti ai contenuti: aumentare la descrizione archivistica<\/em><br>&#8211; Carlo Teo Pedretti, Andrea Schimmenti, Francesca Tomasi, Fabio Vitali,&nbsp;<em>Seeing the Unseen: an approach for visualising situated statements in the Cultural Heritage domain<\/em><br>&#8211; Flavia Bruni,&nbsp;<em>Dematerializzazione e sostenibilit\u00e0: prospettive ideali e problemi concreti<\/em><br><strong>Discussione<\/strong><br><\/td><\/tr><tr><td><br>Aula Meeting<br><br>Sessione 6: <strong>Memoria, preservazione e futuro dell&#8217;informazione<br><\/strong>Presiede Fabio Cirac\u00ec<br><br>&#8211; Alessandro Alfier,&nbsp;<em>Dalla civilt\u00e0 dell\u2019archivio alla civilt\u00e0 dell\u2019algoritmo?<\/em><br>&#8211; Ilaria Belvedere, Simona Turbanti,&nbsp;<em>I dati della ricerca: gestione, diffusione e preservazione nei Next generation repositories<\/em><br>&#8211; Claire Clivaz, Falso movimento (Moretti 2022):&nbsp;<em>Memories and Translations<\/em><br><strong>Discussione<\/strong><\/td><\/tr><\/tbody><\/table><\/figure>\n\n\n\n<div style=\"height:36px\" aria-hidden=\"true\" class=\"wp-block-spacer\"><\/div>\n\n\n\n<h4 class=\"wp-block-heading\">15.00-16.15 SESSIONI PARALLELE<\/h4>\n\n\n\n<figure class=\"wp-block-table\"><table><tbody><tr><td>Auditorium<br><br>Sessione 7: <strong>Fonti storiche e iconografiche<br><\/strong>Presiede Angelo Mario Del Grosso<br><br>&#8211; Manfredi Scanagatta,&nbsp;<em>Metadata e concetti, una nuova intermediazione delle fonti. Quali prospettive per la ricerca e la diffusione della storia?<\/em><br>&#8211; Sofia Baroncini, Marilena Daquino, Francesca Tomasi,&nbsp;<em>Exploring iconographical and iconological content in semantic data through art historians\u2019 interpretations<\/em><br>&#8211; Tiago L. Gil,&nbsp;<em>Digital Accrocchio: a computational image searching tool for social history<\/em><br><strong>Discussione<\/strong><br><\/td><\/tr><tr><td><br>Aula Meeting<br><br>Sessione 8: <strong>Strumenti NLP e Machine Learning<br><\/strong>Presiede Rachele Sprugnoli<br><br>&#8211; Elisa Bastianello,&nbsp;Reto Baumgartner, <em>L\u2019applicazione del riconoscimento testi neurale per la realizzazione di ristampe digitali<\/em><br>&#8211; Irene Miani, Marina Buzzoni, Gianluca Lebani, Alessandro Torcinovich,&nbsp;<em>Machine Learning Algorithm for the Scansion of Old Saxon Poetry<\/em><br>&#8211; Rodolfo Delmonte, Francesco Stiffoni,&nbsp;<em>Verso la creazione della versione italiana di SPARSAR<\/em>&nbsp;<br><strong>Discussione<\/strong><\/td><\/tr><\/tbody><\/table><\/figure>\n\n\n\n<p><em><span style=\"color:#686868\" class=\"tadv-color\"><strong>16.15-16.45 Coffee Break<\/strong><\/span><\/em><\/p>\n\n\n\n<div style=\"height:20px\" aria-hidden=\"true\" class=\"wp-block-spacer\"><\/div>\n\n\n\n<h4 class=\"wp-block-heading\"><strong>16.45-17.15  Per Dino Buzzetti<\/strong><\/h4>\n\n\n\n<p>Con <strong>Daniela Calanca<\/strong>, <strong>Claudia&nbsp;Buzzetti<\/strong> e <strong>Anna Maria Tammaro<\/strong><\/p>\n\n\n\n<p class=\"has-text-align-right\"><a href=\"https:\/\/www.youtube.com\/live\/bgb6Xli-IGg?feature=share\" target=\"_blank\" rel=\"noreferrer noopener\">Streaming Youtube<\/a><\/p>\n\n\n\n<hr class=\"wp-block-separator\" \/>\n\n\n\n<h4 class=\"wp-block-heading\"><strong>17.15-19.15 Assemblea dei soci<\/strong> <\/h4>\n\n\n\n<div style=\"height:61px\" aria-hidden=\"true\" class=\"wp-block-spacer\"><\/div>\n\n\n\n<div style=\"height:20px\" aria-hidden=\"true\" class=\"wp-block-spacer\"><\/div>\n\n\n\n<h2 class=\"wp-block-heading\"><strong><span style=\"color:#007acc\" class=\"tadv-color\">Mercoled\u00ec 7 giugno &nbsp;<\/span><\/strong><\/h2>\n\n\n\n<p><strong><span style=\"color:#686868\" class=\"tadv-color\">Santa Chiara Lab, Via Val di Montone 1, apertura welcome desk ore 9.00<\/span><\/strong><\/p>\n\n\n\n<p><span style=\"color:#640c1f\" class=\"tadv-color\">Attenzione! Il programma ha subito delle variazioni<\/span><\/p>\n\n\n\n<p><\/p>\n\n\n\n<h4 class=\"wp-block-heading\">10.00-10.45 Keynote Speech<\/h4>\n\n\n\n<p><strong>Thorsten Ries <\/strong>(University of Texas, Austin),<strong>&nbsp;<\/strong>Born-digital Literary Archives &#8211; the Present and the Future of an Emerging Field. Introduce e coordina <strong>Francesca Tomasi<\/strong><\/p>\n\n\n\n<p class=\"has-text-align-right\"><a href=\"https:\/\/www.youtube.com\/live\/op5QodMimQY?feature=share\" target=\"_blank\" rel=\"noreferrer noopener\">Streaming Youtube<\/a><\/p>\n\n\n\n<div style=\"height:40px\" aria-hidden=\"true\" class=\"wp-block-spacer\"><\/div>\n\n\n\n<h4 class=\"wp-block-heading\">10.45-12.00 Sessioni parallele<\/h4>\n\n\n\n<figure class=\"wp-block-table\"><table><tbody><tr><td>Auditorium<br><br>Sessione 9: <strong>Presente e futuro della filologia digitale<br><\/strong>Presiede Emmanuela Carb\u00e9<br><br>&#8211; Elena Spadini,\u00a0<em>Scholarly edition of born-digital literary sources: a case study<\/em><br>&#8211; Giuseppe Ferrara,\u00a0<em>Ianus 2.0. Corruttele filologiche, congetture digitali<br><\/em>&#8211; Angelo Mario Del Grosso,\u00a0Martina Venuti, Federico Boschetti, Luigi Tessarolo<em>, La galassia MQDQ tra innovazione e tradizione<\/em><br><strong>Discussione<\/strong><\/td><\/tr><tr><td><br>Aula Meeting<br><br>Sessione 10:<strong> Codifica di testi e patrimoni musicali<\/strong><br>Presiede Giulia Giovani<strong><br><\/strong><br>&#8211; Pietro Sichera, Laura Mazzagufo, Angelo Mario Del Grosso, Daria Spampinato,&nbsp;<em>Metodi di armonizzazione per codifiche TEI cooperative: l\u2019edizione Bellini Digital Correspondence<\/em><br>&#8211; Giulia Renda, Marco Grasso,&nbsp;Marilena Daquino<em>, From ontology design to user-centred interfaces for music heritage<\/em><br>&#8211; Angelo Pompilio, Giovanna Casali, Paolo Bonora,&nbsp;<em>\u201cSoavissime ariette\u201d: impiego di repertori digitali per lo studio della tradizione delle arie d\u2019opera<\/em><br><strong>Discussione<\/strong><br><\/td><\/tr><\/tbody><\/table><\/figure>\n\n\n\n<h4 class=\"wp-block-heading\">12.00-13.15 Sessioni parallele<\/h4>\n\n\n\n<figure class=\"wp-block-table\"><table><tbody><tr><td>Auditorium<br><br>Sessione 11: <strong>Preservazione e memoria digitale<br><\/strong>Presiede Nicola Barbuti<br><br>&#8211; Lucia Giagnolini,\u00a0<em>Verso una \u00abvolont\u00e0 d\u2019archivio\u00bb digitale<\/em><br>&#8211; Massimiliano Carloni, Geert Verhoeven, Jona Schlegel, Stefan Wogrin,\u00a0<em>The challenges of preservation: digitizing graffiti in the urban landscape<\/em><br>&#8211; Chiara Martignano,\u00a0<em>On why and how we should build a catalogue of software products for digital scholarly editing<\/em><br><strong>Discussione<\/strong><br><\/td><\/tr><tr><td><br>Aula Meeting<br><br>Sessione 12: <strong>Arti e Visual Culture<\/strong><br>Presiede Paola Bellomi<strong><br><\/strong><br>&#8211; Lorenza Carannante,&nbsp;<em>New Media Art: indagini conservative sulle eredit\u00e0 immateriali dell\u2019arte di fine millennio<\/em><br>&#8211; Michela Bert<em>, <\/em>Manuela Grillo<em>, PATh, un thesaurus per le arti performative. Osservazioni empiriche e criticit\u00e0 d\u2019uso<\/em><br>&#8211; Selenia Anastasi, Daniele Zolezzi,&nbsp;<em>\u201cBreaking the Canvas\u201d: A Serious Game to challenge stereotypes in Visual Culture through Fine Arts<\/em><br><strong>Discussione<\/strong><br><\/td><\/tr><\/tbody><\/table><\/figure>\n\n\n\n<p><em><strong><span style=\"color:#686868\" class=\"tadv-color\">13.15-14.15 Lunch<\/span><\/strong><\/em><\/p>\n\n\n\n<div style=\"height:43px\" aria-hidden=\"true\" class=\"wp-block-spacer\"><\/div>\n\n\n\n<h4 class=\"wp-block-heading\">14.15-15.50: Sessioni parallele<\/h4>\n\n\n\n<figure class=\"wp-block-table\"><table><tbody><tr><td>Auditorium<br><br>Sessione 13: <strong>Forme del testo e digitale: modelli e strategie<br><\/strong>Presiede Daria Spampinato<br><br>&#8211; Elisa Corr\u00f2, Nevio Danelon, Maurizio Forte, Federico Boschetti, Alex Kafkas,  Luca Ticini, Federico Bernardini, Franz Fischer, Paola Peratello, Francesca Dolcetti, Eleonora Delpozzo,\u00a0<em>The Lions of Venice Arsenal: A neuroscientific approach to Cultural Heritage<\/em><br>&#8211; Michele Sollecito,\u00a0<em>L\u2019immaginario francese della Puglia: una collezione digitale\u00a0\u00a0del &#8216;Petit Tour&#8217; dell\u2019altra Italia<\/em><br>&#8211; Martina Dello Buono, Francesca Tomasi,\u00a0<em>\u015aivadharma Database CMS. HTML and graph as a starting point for digital editions<\/em>\u00a0<br><strong>Discussione<\/strong><\/td><\/tr><tr><td><br>Aula Meeting<br><br>Sessione 14: <strong>Archivi e fruizione dei patrimoni culturali digitali<br><\/strong>Presiede Flavia Bruni<br><br>&#8211; Manuel Favaro, Eva Sassolini, Alessandra Cinini, Margaret Haines,&nbsp;<em>Un futuro digitale per gli archivi de &#8216;Gli Anni della Cupola<\/em>&#8216;<br>&#8211; Roberta Maggi, Tiziana Pasciuto, Martina Mazzoleni, Maria Teresa Artese, Isabella Gagliardi, Riccardo Albertoni,&nbsp;<em>GECA 3.0 \u2013 A new tool for cataloguing and enjoying cultural heritage<\/em><br>&#8211; Stefania De Vincentis, Martin Critelli,&nbsp;<em>Mappare il museo in IIIF. Una combinazione di deep zoom e VR360 per la Galleria Borghese di Roma<\/em><br>&#8211; Camilla Zucchi, Marcello Ravveduto:&nbsp;<em>Le mafie e le Digital Humanities<\/em><br><strong>Discussione<\/strong><\/td><\/tr><\/tbody><\/table><\/figure>\n\n\n\n<div style=\"height:28px\" aria-hidden=\"true\" class=\"wp-block-spacer\"><\/div>\n\n\n\n<h4 class=\"wp-block-heading\">16.00-17.15<\/h4>\n\n\n\n<figure class=\"wp-block-table\"><table><tbody><tr><td>Auditorium<br><br><strong>Sessione 15: Large Language Models e Intelligenza Artificiale<br><\/strong>Presiede Andrea Bolioli<br><br>&#8211; Simone Rebora, GPT-3 vs.&nbsp;<em>Delta. Applying stylometry to large language models<\/em><br>&#8211; Giorgio Busi Rizzi<em>, Do AIs dream of electric comics? Generative AI models, digital memory, and creativity<\/em><br>&#8211; Fabio Ciotti,&nbsp;<em>ChatGPT: un Pappagallo Stocastico pu\u00f2 essere di aiuto a un Vero Ricercatore (Umanistico)?<\/em><\/td><\/tr><\/tbody><\/table><\/figure>\n\n\n\n<div style=\"height:20px\" aria-hidden=\"true\" class=\"wp-block-spacer\"><\/div>\n\n\n\n<h4 class=\"wp-block-heading\">17.15-18.30 Cerimonia di chiusura<\/h4>\n\n\n\n<p><strong>Fabio Ciotti, Un ricordo di Dino Buzzetti<\/strong><\/p>\n\n\n\n<p><strong>Premio Giuseppe Gigliozzi<\/strong><\/p>\n\n\n\n<p><\/p>\n\n\n\n<p><font color=\"#686868\"><span><b><i>Aperitivo<\/i><\/b><\/span><\/font><\/p>\n\n\n\n<p><\/p>\n","protected":false},"excerpt":{"rendered":"<p>Luned\u00ec 5 giugno Palazzo San Niccol\u00f2, Via Roma 56 Apertura welcome desk ore 8.30-11.30 Workshop ore 9-13, aula 356 Palazzo San Niccol\u00f2, terzo piano Giulia D\u2019Agostino, Giulia Fabbris, Roberto Rosselli Del Turco,&nbsp;Workshop sulle edizioni digitali: preparazione con codifica XML TEI e visualizzazione con il software EVT Beatrice Nava, Roberta Priore,&nbsp;Codificare (al)l&#8217;Infinito ore 11-13, aula 468 &hellip; <a href=\"https:\/\/www.congressi.unisi.it\/aiucd2023\/programma-aiucd\/\" class=\"more-link\">Leggi tutto<span class=\"screen-reader-text\"> &#8220;Programma&#8221;<\/span><\/a><\/p>\n","protected":false},"author":33,"featured_media":0,"parent":0,"menu_order":0,"comment_status":"closed","ping_status":"closed","template":"","meta":{"saved_in_kubio":false,"footnotes":""},"class_list":["post-715","page","type-page","status-publish","hentry"],"kubio_ai_page_context":{"short_desc":"","purpose":"general"},"_links":{"self":[{"href":"https:\/\/www.congressi.unisi.it\/aiucd2023\/wp-json\/wp\/v2\/pages\/715","targetHints":{"allow":["GET"]}}],"collection":[{"href":"https:\/\/www.congressi.unisi.it\/aiucd2023\/wp-json\/wp\/v2\/pages"}],"about":[{"href":"https:\/\/www.congressi.unisi.it\/aiucd2023\/wp-json\/wp\/v2\/types\/page"}],"author":[{"embeddable":true,"href":"https:\/\/www.congressi.unisi.it\/aiucd2023\/wp-json\/wp\/v2\/users\/33"}],"replies":[{"embeddable":true,"href":"https:\/\/www.congressi.unisi.it\/aiucd2023\/wp-json\/wp\/v2\/comments?post=715"}],"version-history":[{"count":65,"href":"https:\/\/www.congressi.unisi.it\/aiucd2023\/wp-json\/wp\/v2\/pages\/715\/revisions"}],"predecessor-version":[{"id":970,"href":"https:\/\/www.congressi.unisi.it\/aiucd2023\/wp-json\/wp\/v2\/pages\/715\/revisions\/970"}],"wp:attachment":[{"href":"https:\/\/www.congressi.unisi.it\/aiucd2023\/wp-json\/wp\/v2\/media?parent=715"}],"curies":[{"name":"wp","href":"https:\/\/api.w.org\/{rel}","templated":true}]}}