{"id":582,"date":"2023-04-26T14:02:55","date_gmt":"2023-04-26T12:02:55","guid":{"rendered":"http:\/\/www.congressi.unisi.it\/aiucd2023\/?page_id=582"},"modified":"2023-06-05T03:49:10","modified_gmt":"2023-06-05T01:49:10","slug":"cena-sociale","status":"publish","type":"page","link":"https:\/\/www.congressi.unisi.it\/aiucd2023\/cena-sociale\/","title":{"rendered":"Cena sociale"},"content":{"rendered":"\n<figure class=\"wp-block-image size-large is-resized\"><img loading=\"lazy\" decoding=\"async\" src=\"http:\/\/www.congressi.unisi.it\/aiucd2023\/wp-content\/uploads\/sites\/142\/2023\/04\/menu-cena-sociale-1024x724.jpg\" alt=\"MENU:\nFlan di zucchine con crema di pecorino di Pienza e guanciale\ncroccante;\nRigatoni con asparagi, pomodorini e speck su purea di burrata;\nRisotto con radicchio rosso mantecato all'erborinato e salsiccia di cinta senese;\nCheesecake al naturale con frutta fresca\nAssaggio di Cantucci e Vinsanto\nAcqua e Vino inclusi\n\nMenu componibile: ogni piatto pu\u00f2 essere declinato in versione vegetariana e vegana\n\nA persona: 35 euro\" class=\"wp-image-583\" width=\"784\" height=\"554\" srcset=\"https:\/\/www.congressi.unisi.it\/aiucd2023\/wp-content\/uploads\/sites\/142\/2023\/04\/menu-cena-sociale-1024x724.jpg 1024w, https:\/\/www.congressi.unisi.it\/aiucd2023\/wp-content\/uploads\/sites\/142\/2023\/04\/menu-cena-sociale-300x212.jpg 300w, https:\/\/www.congressi.unisi.it\/aiucd2023\/wp-content\/uploads\/sites\/142\/2023\/04\/menu-cena-sociale-768x543.jpg 768w, https:\/\/www.congressi.unisi.it\/aiucd2023\/wp-content\/uploads\/sites\/142\/2023\/04\/menu-cena-sociale-1536x1086.jpg 1536w, https:\/\/www.congressi.unisi.it\/aiucd2023\/wp-content\/uploads\/sites\/142\/2023\/04\/menu-cena-sociale-2048x1448.jpg 2048w, https:\/\/www.congressi.unisi.it\/aiucd2023\/wp-content\/uploads\/sites\/142\/2023\/04\/menu-cena-sociale-1200x849.jpg 1200w\" sizes=\"(max-width: 784px) 85vw, 784px\" \/><\/figure>\n\n\n\n<p class=\"has-text-align-left\"><strong><a href=\"http:\/\/www.congressi.unisi.it\/aiucd2023\/wp-content\/uploads\/sites\/142\/2023\/04\/menu-cena-sociale-1.pdf\" target=\"_blank\" rel=\"noreferrer noopener\">Download<\/a><\/strong><\/p>\n\n\n\n<p>La cena sociale si terr\u00e0 marted\u00ec 6 giugno alle ore 20.30 presso il Ristorante Caff\u00e8 Fonte Gaia, Piazza del Campo 21\/23, Siena.<\/p>\n\n\n\n<p>Si prega di confermare la propria presenza nel form di iscrizione al convegno.<\/p>\n\n\n\n<p>Il pagamento delle quote sar\u00e0 raccolto a Siena, durante la conferenza, nei welcome desk, prima di marted\u00ec sera. A coloro che si sono registrati si raccomanda di portare l&#8217;importo esatto (35 euro per persona) per facilitare le operazioni.<\/p>\n\n\n\n<p><\/p>\n\n\n\n<p><\/p>\n","protected":false},"excerpt":{"rendered":"<p>Download La cena sociale si terr\u00e0 marted\u00ec 6 giugno alle ore 20.30 presso il Ristorante Caff\u00e8 Fonte Gaia, Piazza del Campo 21\/23, Siena. Si prega di confermare la propria presenza nel form di iscrizione al convegno. Il pagamento delle quote sar\u00e0 raccolto a Siena, durante la conferenza, nei welcome desk, prima di marted\u00ec sera. A &hellip; <a href=\"https:\/\/www.congressi.unisi.it\/aiucd2023\/cena-sociale\/\" class=\"more-link\">Leggi tutto<span class=\"screen-reader-text\"> &#8220;Cena sociale&#8221;<\/span><\/a><\/p>\n","protected":false},"author":33,"featured_media":0,"parent":0,"menu_order":0,"comment_status":"closed","ping_status":"closed","template":"","meta":{"saved_in_kubio":false,"footnotes":""},"class_list":["post-582","page","type-page","status-publish","hentry"],"kubio_ai_page_context":{"short_desc":"","purpose":"general"},"_links":{"self":[{"href":"https:\/\/www.congressi.unisi.it\/aiucd2023\/wp-json\/wp\/v2\/pages\/582","targetHints":{"allow":["GET"]}}],"collection":[{"href":"https:\/\/www.congressi.unisi.it\/aiucd2023\/wp-json\/wp\/v2\/pages"}],"about":[{"href":"https:\/\/www.congressi.unisi.it\/aiucd2023\/wp-json\/wp\/v2\/types\/page"}],"author":[{"embeddable":true,"href":"https:\/\/www.congressi.unisi.it\/aiucd2023\/wp-json\/wp\/v2\/users\/33"}],"replies":[{"embeddable":true,"href":"https:\/\/www.congressi.unisi.it\/aiucd2023\/wp-json\/wp\/v2\/comments?post=582"}],"version-history":[{"count":9,"href":"https:\/\/www.congressi.unisi.it\/aiucd2023\/wp-json\/wp\/v2\/pages\/582\/revisions"}],"predecessor-version":[{"id":963,"href":"https:\/\/www.congressi.unisi.it\/aiucd2023\/wp-json\/wp\/v2\/pages\/582\/revisions\/963"}],"wp:attachment":[{"href":"https:\/\/www.congressi.unisi.it\/aiucd2023\/wp-json\/wp\/v2\/media?parent=582"}],"curies":[{"name":"wp","href":"https:\/\/api.w.org\/{rel}","templated":true}]}}