{"id":271,"date":"2022-12-01T16:42:07","date_gmt":"2022-12-01T15:42:07","guid":{"rendered":"http:\/\/www.congressi.unisi.it\/aiucd2023\/?page_id=271"},"modified":"2023-01-09T17:10:09","modified_gmt":"2023-01-09T16:10:09","slug":"contatti","status":"publish","type":"page","link":"https:\/\/www.congressi.unisi.it\/aiucd2023\/contatti\/","title":{"rendered":"Contatti"},"content":{"rendered":"\n<p>Per contatti e informazioni, la mail di riferimento \u00e8 aiucd2023@unisi.it<\/p>\n\n\n\n<p><\/p>\n\n\n\n<p>Dipartimento di Filologia e critica delle letterature antiche e moderne<\/p>\n\n\n\n<p>Universit\u00e0 di Siena, Complesso San Niccol\u00f2, Via Roma 56, 53100 Siena<\/p>\n","protected":false},"excerpt":{"rendered":"<p>Per contatti e informazioni, la mail di riferimento \u00e8 aiucd2023@unisi.it Dipartimento di Filologia e critica delle letterature antiche e moderne Universit\u00e0 di Siena, Complesso San Niccol\u00f2, Via Roma 56, 53100 Siena<\/p>\n","protected":false},"author":33,"featured_media":0,"parent":0,"menu_order":0,"comment_status":"closed","ping_status":"closed","template":"","meta":{"saved_in_kubio":false,"footnotes":""},"class_list":["post-271","page","type-page","status-publish","hentry"],"kubio_ai_page_context":{"short_desc":"","purpose":"general"},"_links":{"self":[{"href":"https:\/\/www.congressi.unisi.it\/aiucd2023\/wp-json\/wp\/v2\/pages\/271","targetHints":{"allow":["GET"]}}],"collection":[{"href":"https:\/\/www.congressi.unisi.it\/aiucd2023\/wp-json\/wp\/v2\/pages"}],"about":[{"href":"https:\/\/www.congressi.unisi.it\/aiucd2023\/wp-json\/wp\/v2\/types\/page"}],"author":[{"embeddable":true,"href":"https:\/\/www.congressi.unisi.it\/aiucd2023\/wp-json\/wp\/v2\/users\/33"}],"replies":[{"embeddable":true,"href":"https:\/\/www.congressi.unisi.it\/aiucd2023\/wp-json\/wp\/v2\/comments?post=271"}],"version-history":[{"count":1,"href":"https:\/\/www.congressi.unisi.it\/aiucd2023\/wp-json\/wp\/v2\/pages\/271\/revisions"}],"predecessor-version":[{"id":272,"href":"https:\/\/www.congressi.unisi.it\/aiucd2023\/wp-json\/wp\/v2\/pages\/271\/revisions\/272"}],"wp:attachment":[{"href":"https:\/\/www.congressi.unisi.it\/aiucd2023\/wp-json\/wp\/v2\/media?parent=271"}],"curies":[{"name":"wp","href":"https:\/\/api.w.org\/{rel}","templated":true}]}}