{"id":124,"date":"2022-11-10T14:24:19","date_gmt":"2022-11-10T13:24:19","guid":{"rendered":"http:\/\/www.congressi.unisi.it\/aiucd2023\/?page_id=124"},"modified":"2023-01-08T20:15:13","modified_gmt":"2023-01-08T19:15:13","slug":"luogo","status":"publish","type":"page","link":"https:\/\/www.congressi.unisi.it\/aiucd2023\/luogo\/","title":{"rendered":"Sedi e strutture ricettive"},"content":{"rendered":"\n<h2 class=\"wp-block-heading\">Luoghi del convegno<\/h2>\n\n\n\n<p>Il convegno e tutte le attivit\u00e0 collaterali avranno luogo nel centro storico di Siena, in particolare presso il Santa Chiara Lab <a rel=\"noreferrer noopener\" href=\"https:\/\/goo.gl\/maps\/Ee3GCq383LtbfVAC9\" target=\"_blank\">(via di Val di Montone, 1<\/a>). Alcune parti del programma del convegno, in base al numero degli iscritti, potranno essere dislocate nella vicina sede del Palazzo del Rettorato (<a href=\"https:\/\/goo.gl\/maps\/foFic72aD2F2B7cp7\" target=\"_blank\" rel=\"noreferrer noopener\">via Banchi di Sotto, 55<\/a>) e presso il Palazzo San Niccol\u00f2 (<a href=\"https:\/\/goo.gl\/maps\/r15RVUqQJGXEJSY27\" target=\"_blank\" rel=\"noreferrer noopener\">via Roma, 56<\/a>), che si trova a pochi minuti dal Santa Chiara. <\/p>\n\n\n\n<h2 class=\"wp-block-heading\">Accessibilit\u00e0<\/h2>\n\n\n\n<p>Il comune di Siena ha un sito web di riferimento per i servizi di <a rel=\"noreferrer noopener\" href=\"https:\/\/accessibile.siena.it\" target=\"_blank\">SienaAccessibile<\/a>.<\/p>\n\n\n\n<p>Le indicazioni sull&#8217;accessibilit\u00e0 delle strutture in cui si tiene il convegno sono invece disponibili online ai seguenti indirizzi: <a rel=\"noreferrer noopener\" href=\"https:\/\/www.unisi.it\/ateneo\/lavorare-unisi\/accoglienza-disabili-e-servizi-dsa\/accessibilit\u00e0-delle-sedi-didattiche-6\" target=\"_blank\">Santa Chiara Lab<\/a> e <a rel=\"noreferrer noopener\" href=\"https:\/\/www.unisi.it\/ateneo\/lavorare-unisi\/accoglienza-disabili-e-servizi-dsa\/accessibilit\u00e0-delle-sedi-didattiche-5\" target=\"_blank\">Complesso San Niccol\u00f2<\/a>. L&#8217;aula magna del Palazzo del Rettorato \u00e8 raggiungibile tramite un ascensore. <\/p>\n\n\n\n<p>Per richieste particolari (oppure per criticit\u00e0 riscontrate nel corso del convegno) si prega di scrivere a aiucd2023@unisi.it. <\/p>\n\n\n\n<h2 class=\"wp-block-heading\">Strutture ricettive<\/h2>\n\n\n\n<p>Le strutture ricettive a Siena sono numerose, da alberghi di diversa categoria a Bed &amp; Breakfast e a soluzioni di Air B&amp;B. Le linee guida del nostro Ateneo non permettono di offrire ai partecipanti suggerimenti su dove alloggiare, n\u00e9 sono in atto accordi con strutture. Si consiglia tuttavia di prenotare in anticipo la propria sistemazione: Siena \u00e8 una citt\u00e0 con flussi turistici molto elevati, soprattutto nei periodi legati al <a rel=\"noreferrer noopener\" href=\"https:\/\/www.comune.siena.it\/node\/45\" target=\"_blank\">Palio del 2 luglio e del 16 agosto<\/a>, ma anche nelle settimane precedenti.<\/p>\n\n\n\n<p><\/p>\n\n\n\n<h2 class=\"wp-block-heading\">Visitare Siena<\/h2>\n\n\n\n<p>Siena per tutto l&#8217;anno ha mostre ed esposizioni di interesse culturale: tra i luoghi di principali interesse, il complesso monumentale del <a rel=\"noreferrer noopener\" href=\"https:\/\/operaduomo.siena.it\" target=\"_blank\">Duomo<\/a>, il complesso Museale di <a rel=\"noreferrer noopener\" href=\"https:\/\/www.comune.siena.it\/node\/174\" target=\"_blank\">Santa Maria della Scala<\/a> e il Museo civico del <a rel=\"noreferrer noopener\" href=\"https:\/\/www.comune.siena.it\/node\/174\" target=\"_blank\">Palazzo Pubblico<\/a>.<\/p>\n\n\n\n<p>Una raccolta di informazioni su eventi, mostre e luoghi da visitare \u00e8 disponibile nella sezione <a rel=\"noreferrer noopener\" href=\"https:\/\/www.comune.siena.it\/node\/35\" target=\"_blank\">Cultura<\/a> del sito del Comune di Siena e sul portale <a rel=\"noreferrer noopener\" href=\"https:\/\/www.sienacomunica.it\" target=\"_blank\">SienaComunica<\/a>; \u00e8 inoltre possibile consultare una <a rel=\"noreferrer noopener\" href=\"http:\/\/www.sienaguidavirtuale.it\/ita\/mappe\/ini-maps\/index.php\" target=\"_blank\">guida virtuale<\/a> della citt\u00e0.<\/p>\n","protected":false},"excerpt":{"rendered":"<p>Luoghi del convegno Il convegno e tutte le attivit\u00e0 collaterali avranno luogo nel centro storico di Siena, in particolare presso il Santa Chiara Lab (via di Val di Montone, 1). Alcune parti del programma del convegno, in base al numero degli iscritti, potranno essere dislocate nella vicina sede del Palazzo del Rettorato (via Banchi di &hellip; <a href=\"https:\/\/www.congressi.unisi.it\/aiucd2023\/luogo\/\" class=\"more-link\">Leggi tutto<span class=\"screen-reader-text\"> &#8220;Sedi e strutture ricettive&#8221;<\/span><\/a><\/p>\n","protected":false},"author":2,"featured_media":0,"parent":0,"menu_order":0,"comment_status":"closed","ping_status":"closed","template":"","meta":{"saved_in_kubio":false,"footnotes":""},"class_list":["post-124","page","type-page","status-publish","hentry"],"kubio_ai_page_context":{"short_desc":"","purpose":"general"},"_links":{"self":[{"href":"https:\/\/www.congressi.unisi.it\/aiucd2023\/wp-json\/wp\/v2\/pages\/124","targetHints":{"allow":["GET"]}}],"collection":[{"href":"https:\/\/www.congressi.unisi.it\/aiucd2023\/wp-json\/wp\/v2\/pages"}],"about":[{"href":"https:\/\/www.congressi.unisi.it\/aiucd2023\/wp-json\/wp\/v2\/types\/page"}],"author":[{"embeddable":true,"href":"https:\/\/www.congressi.unisi.it\/aiucd2023\/wp-json\/wp\/v2\/users\/2"}],"replies":[{"embeddable":true,"href":"https:\/\/www.congressi.unisi.it\/aiucd2023\/wp-json\/wp\/v2\/comments?post=124"}],"version-history":[{"count":11,"href":"https:\/\/www.congressi.unisi.it\/aiucd2023\/wp-json\/wp\/v2\/pages\/124\/revisions"}],"predecessor-version":[{"id":315,"href":"https:\/\/www.congressi.unisi.it\/aiucd2023\/wp-json\/wp\/v2\/pages\/124\/revisions\/315"}],"wp:attachment":[{"href":"https:\/\/www.congressi.unisi.it\/aiucd2023\/wp-json\/wp\/v2\/media?parent=124"}],"curies":[{"name":"wp","href":"https:\/\/api.w.org\/{rel}","templated":true}]}}